{"id":1948,"date":"2023-08-08T12:50:56","date_gmt":"2023-08-08T10:50:56","guid":{"rendered":"https:\/\/www.citysurfers.sk\/?page_id=1948"},"modified":"2025-02-25T11:10:50","modified_gmt":"2025-02-25T10:10:50","slug":"projekt","status":"publish","type":"page","link":"https:\/\/www.citysurfers.sk\/index.php\/projekt\/","title":{"rendered":"Projekt"},"content":{"rendered":"\t\t<div data-elementor-type=\"wp-page\" data-elementor-id=\"1948\" class=\"elementor elementor-1948\">\n\t\t\t\t\t\t<section class=\"elementor-section elementor-top-section elementor-element elementor-element-24d1b7e elementor-section-full_width elementor-section-content-top elementor-section-stretched elementor-section-height-default elementor-section-height-default wpr-particle-no wpr-jarallax-no wpr-parallax-no wpr-sticky-section-no\" data-id=\"24d1b7e\" data-element_type=\"section\" data-settings=\"{&quot;stretch_section&quot;:&quot;section-stretched&quot;}\">\n\t\t\t\t\t\t<div class=\"elementor-container elementor-column-gap-default\">\n\t\t\t\t\t<div class=\"elementor-column elementor-col-100 elementor-top-column elementor-element elementor-element-b2320d0\" data-id=\"b2320d0\" data-element_type=\"column\">\n\t\t\t<div class=\"elementor-widget-wrap elementor-element-populated\">\n\t\t\t\t\t\t\t<\/div>\n\t\t<\/div>\n\t\t\t\t\t<\/div>\n\t\t<\/section>\n\t\t\t\t<section class=\"elementor-section elementor-top-section elementor-element elementor-element-7be8f84 elementor-section-boxed elementor-section-height-default elementor-section-height-default wpr-particle-no wpr-jarallax-no wpr-parallax-no wpr-sticky-section-no\" data-id=\"7be8f84\" data-element_type=\"section\">\n\t\t\t\t\t\t<div class=\"elementor-container elementor-column-gap-default\">\n\t\t\t\t\t<div class=\"elementor-column elementor-col-100 elementor-top-column elementor-element elementor-element-dc73dda\" data-id=\"dc73dda\" data-element_type=\"column\">\n\t\t\t<div class=\"elementor-widget-wrap elementor-element-populated\">\n\t\t\t\t\t\t<div class=\"elementor-element elementor-element-5cbdd87 elementor-widget elementor-widget-heading\" data-id=\"5cbdd87\" data-element_type=\"widget\" data-widget_type=\"heading.default\">\n\t\t\t\t<div class=\"elementor-widget-container\">\n\t\t\t\t\t<h2 class=\"elementor-heading-title elementor-size-default\">Sko\u010d na surf a le\u0165 !\n<\/h2>\t\t\t\t<\/div>\n\t\t\t\t<\/div>\n\t\t\t\t\t<\/div>\n\t\t<\/div>\n\t\t\t\t\t<\/div>\n\t\t<\/section>\n\t\t\t\t<section class=\"elementor-section elementor-top-section elementor-element elementor-element-3726a6f elementor-section-boxed elementor-section-height-default elementor-section-height-default wpr-particle-no wpr-jarallax-no wpr-parallax-no wpr-sticky-section-no\" data-id=\"3726a6f\" data-element_type=\"section\">\n\t\t\t\t\t\t<div class=\"elementor-container elementor-column-gap-default\">\n\t\t\t\t\t<div class=\"elementor-column elementor-col-100 elementor-top-column elementor-element elementor-element-a3b6415\" data-id=\"a3b6415\" data-element_type=\"column\">\n\t\t\t<div class=\"elementor-widget-wrap elementor-element-populated\">\n\t\t\t\t\t\t<div class=\"elementor-element elementor-element-182fe7c elementor-widget elementor-widget-text-editor\" data-id=\"182fe7c\" data-element_type=\"widget\" data-widget_type=\"text-editor.default\">\n\t\t\t\t<div class=\"elementor-widget-container\">\n\t\t\t\t\t\t\t\t\t<p>Chcel by som V\u00e1m dopria\u0165 ten \u00fa\u017easn\u00fd pocit letie\u0165 nad vodnou hladinou na surfe a u\u017e\u00edva\u0165 si rados\u0165 z dockstart pumpfoil surfingu. Nau\u010d sa tento nov\u00fd \u0161port a po\u010f s nami jazdi\u0165 na slovensk\u00e9 jazer\u00e1 a rieky. No tak pridaj sa! V\u00e1\u0161 pr\u00edspevok pou\u017eijeme na n\u00e1kup pumpfoilsurfingov\u00e9ho vybavenia a pren\u00e1jmu karavanu. V\u010faka V\u00e1m sa n\u00e1m podar\u00ed tento \u0161port roz\u0161\u00edri\u0165 aj na Slovensku.<\/p>\t\t\t\t\t\t\t\t<\/div>\n\t\t\t\t<\/div>\n\t\t\t\t\t<\/div>\n\t\t<\/div>\n\t\t\t\t\t<\/div>\n\t\t<\/section>\n\t\t\t\t<section class=\"elementor-section elementor-top-section elementor-element elementor-element-80cfecd elementor-section-boxed elementor-section-height-default elementor-section-height-default wpr-particle-no wpr-jarallax-no wpr-parallax-no wpr-sticky-section-no\" data-id=\"80cfecd\" data-element_type=\"section\">\n\t\t\t\t\t\t<div class=\"elementor-container elementor-column-gap-default\">\n\t\t\t\t\t<div class=\"elementor-column elementor-col-100 elementor-top-column elementor-element elementor-element-5d31085\" data-id=\"5d31085\" data-element_type=\"column\">\n\t\t\t<div class=\"elementor-widget-wrap elementor-element-populated\">\n\t\t\t\t\t\t<div class=\"elementor-element elementor-element-2cf4e09 elementor-widget elementor-widget-heading\" data-id=\"2cf4e09\" data-element_type=\"widget\" data-widget_type=\"heading.default\">\n\t\t\t\t<div class=\"elementor-widget-container\">\n\t\t\t\t\t<h2 class=\"elementor-heading-title elementor-size-default\">Pumpfoilsurfing\n<\/h2>\t\t\t\t<\/div>\n\t\t\t\t<\/div>\n\t\t\t\t\t<\/div>\n\t\t<\/div>\n\t\t\t\t\t<\/div>\n\t\t<\/section>\n\t\t\t\t<section class=\"elementor-section elementor-top-section elementor-element elementor-element-ead3e89 elementor-section-boxed elementor-section-height-default elementor-section-height-default wpr-particle-no wpr-jarallax-no wpr-parallax-no wpr-sticky-section-no\" data-id=\"ead3e89\" data-element_type=\"section\">\n\t\t\t\t\t\t<div class=\"elementor-container elementor-column-gap-default\">\n\t\t\t\t\t<div class=\"elementor-column elementor-col-100 elementor-top-column elementor-element elementor-element-fbf91c9\" data-id=\"fbf91c9\" data-element_type=\"column\">\n\t\t\t<div class=\"elementor-widget-wrap elementor-element-populated\">\n\t\t\t\t\t\t<div class=\"elementor-element elementor-element-f064f42 elementor-widget elementor-widget-text-editor\" data-id=\"f064f42\" data-element_type=\"widget\" data-widget_type=\"text-editor.default\">\n\t\t\t\t<div class=\"elementor-widget-container\">\n\t\t\t\t\t\t\t\t\t<p>Aj ty si v\u017edy obdivoval surferov ako jazdia a u\u017e\u00edvaj\u00fa si vodu a hor\u00face slnko? Tento z\u00e1\u017eitok a pocit sa d\u00e1 prenies\u0165 aj do slovenskej reality. V\u010faka pumpfoilsurfingu to m\u00f4\u017ee\u0161 za\u017ei\u0165.<\/p>\t\t\t\t\t\t\t\t<\/div>\n\t\t\t\t<\/div>\n\t\t\t\t<div class=\"elementor-element elementor-element-6244258 elementor-widget elementor-widget-image\" data-id=\"6244258\" data-element_type=\"widget\" data-widget_type=\"image.default\">\n\t\t\t\t<div class=\"elementor-widget-container\">\n\t\t\t\t\t\t\t\t\t\t\t\t\t\t\t<img fetchpriority=\"high\" decoding=\"async\" width=\"960\" height=\"641\" src=\"https:\/\/www.citysurfers.sk\/wp-content\/uploads\/2023\/08\/WhatsApp-Image-2023-08-07-at-23.34.29-1-1024x684.jpeg\" class=\"attachment-large size-large wp-image-1915\" alt=\"\" srcset=\"https:\/\/www.citysurfers.sk\/wp-content\/uploads\/2023\/08\/WhatsApp-Image-2023-08-07-at-23.34.29-1-1024x684.jpeg 1024w, https:\/\/www.citysurfers.sk\/wp-content\/uploads\/2023\/08\/WhatsApp-Image-2023-08-07-at-23.34.29-1-300x200.jpeg 300w, https:\/\/www.citysurfers.sk\/wp-content\/uploads\/2023\/08\/WhatsApp-Image-2023-08-07-at-23.34.29-1-768x513.jpeg 768w, https:\/\/www.citysurfers.sk\/wp-content\/uploads\/2023\/08\/WhatsApp-Image-2023-08-07-at-23.34.29-1-1536x1025.jpeg 1536w, https:\/\/www.citysurfers.sk\/wp-content\/uploads\/2023\/08\/WhatsApp-Image-2023-08-07-at-23.34.29-1.jpeg 1600w\" sizes=\"(max-width: 960px) 100vw, 960px\" \/>\t\t\t\t\t\t\t\t\t\t\t\t\t\t\t<\/div>\n\t\t\t\t<\/div>\n\t\t\t\t\t<\/div>\n\t\t<\/div>\n\t\t\t\t\t<\/div>\n\t\t<\/section>\n\t\t\t\t<section class=\"elementor-section elementor-top-section elementor-element elementor-element-385348b elementor-section-boxed elementor-section-height-default elementor-section-height-default wpr-particle-no wpr-jarallax-no wpr-parallax-no wpr-sticky-section-no\" data-id=\"385348b\" data-element_type=\"section\">\n\t\t\t\t\t\t<div class=\"elementor-container elementor-column-gap-default\">\n\t\t\t\t\t<div class=\"elementor-column elementor-col-100 elementor-top-column elementor-element elementor-element-61280be\" data-id=\"61280be\" data-element_type=\"column\">\n\t\t\t<div class=\"elementor-widget-wrap elementor-element-populated\">\n\t\t\t\t\t\t<div class=\"elementor-element elementor-element-63dec5c elementor-widget elementor-widget-text-editor\" data-id=\"63dec5c\" data-element_type=\"widget\" data-widget_type=\"text-editor.default\">\n\t\t\t\t<div class=\"elementor-widget-container\">\n\t\t\t\t\t\t\t\t\t<p>Je to nov\u00fd druh \u0161portu a neobmedzen\u00e1 z\u00e1bava pre ka\u017ed\u00e9ho pumpfoilsurfera bez vetra, bez v\u013an, bez motora \u2013 \u010dist\u00e1 nez\u00e1vislos\u0165 nad vodnou hladinou.\u00a0Harm\u00f3nia s doskou a spojenie so \u017eivlom vody. Je to \u00fa\u017easn\u00e9,\u00a0<b>preto by som chcel v lete zorganizova\u0165 surfing trip po Slovensku<\/b>, nie\u010do ako surfing California 80 roky.\u00a0<b>Caravan, slnko, voda, happyness a j\u00f3ga.<\/b><\/p>\t\t\t\t\t\t\t\t<\/div>\n\t\t\t\t<\/div>\n\t\t\t\t\t<\/div>\n\t\t<\/div>\n\t\t\t\t\t<\/div>\n\t\t<\/section>\n\t\t\t\t<section class=\"elementor-section elementor-top-section elementor-element elementor-element-5a9d39e elementor-section-boxed elementor-section-height-default elementor-section-height-default wpr-particle-no wpr-jarallax-no wpr-parallax-no wpr-sticky-section-no\" data-id=\"5a9d39e\" data-element_type=\"section\">\n\t\t\t\t\t\t<div class=\"elementor-container elementor-column-gap-default\">\n\t\t\t\t\t<div class=\"elementor-column elementor-col-100 elementor-top-column elementor-element elementor-element-3259b74\" data-id=\"3259b74\" data-element_type=\"column\">\n\t\t\t<div class=\"elementor-widget-wrap elementor-element-populated\">\n\t\t\t\t\t\t<div class=\"elementor-element elementor-element-9488a38 elementor-widget elementor-widget-image\" data-id=\"9488a38\" data-element_type=\"widget\" data-widget_type=\"image.default\">\n\t\t\t\t<div class=\"elementor-widget-container\">\n\t\t\t\t\t\t\t\t\t\t\t\t\t\t\t<img decoding=\"async\" width=\"960\" height=\"640\" src=\"https:\/\/www.citysurfers.sk\/wp-content\/uploads\/2023\/08\/WhatsApp-Image-2023-08-09-at-09.05.57.jpeg\" class=\"attachment-large size-large wp-image-2018\" alt=\"\" srcset=\"https:\/\/www.citysurfers.sk\/wp-content\/uploads\/2023\/08\/WhatsApp-Image-2023-08-09-at-09.05.57.jpeg 1024w, https:\/\/www.citysurfers.sk\/wp-content\/uploads\/2023\/08\/WhatsApp-Image-2023-08-09-at-09.05.57-300x200.jpeg 300w, https:\/\/www.citysurfers.sk\/wp-content\/uploads\/2023\/08\/WhatsApp-Image-2023-08-09-at-09.05.57-768x512.jpeg 768w\" sizes=\"(max-width: 960px) 100vw, 960px\" \/>\t\t\t\t\t\t\t\t\t\t\t\t\t\t\t<\/div>\n\t\t\t\t<\/div>\n\t\t\t\t<div class=\"elementor-element elementor-element-af9f22b elementor-widget elementor-widget-text-editor\" data-id=\"af9f22b\" data-element_type=\"widget\" data-widget_type=\"text-editor.default\">\n\t\t\t\t<div class=\"elementor-widget-container\">\n\t\t\t\t\t\t\t\t\t<p>Predstava je nav\u0161t\u00edvi\u0165 s partiou \u013eud\u00ed slovensk\u00e9 jazer\u00e1 s image karavanom, pumpsurffoilova\u0165, padlboardova\u0165, fotografova\u0165 a uk\u00e1za\u0165 pumpfoilsurfing na Slovensku. Prenies\u0165 energiu surferov na slovensk\u00e9 jazer\u00e1 a rieky &#8211; Zlat\u00e9 piesky, Slne\u010dn\u00e9 jazer\u00e1, V\u00e1h, Liptovsk\u00e1 Mara, Oravsk\u00e1 priehrada, Doma\u0161a, at\u010f&#8230;\u00a0<b>Po\u010das 10 d\u0148ov\u00e9ho promo tripu po Slovensku by sme robili kurzy pumpfoilsurfingu<\/b>, tak\u017ee si m\u00f4\u017eete vybra\u0165\u00a0 miesto, kde by ste chceli pumfoilsurfing vidie\u0165 alebo vysk\u00fa\u0161a\u0165.<\/p>\t\t\t\t\t\t\t\t<\/div>\n\t\t\t\t<\/div>\n\t\t\t\t\t<\/div>\n\t\t<\/div>\n\t\t\t\t\t<\/div>\n\t\t<\/section>\n\t\t\t\t<section class=\"elementor-section elementor-top-section elementor-element elementor-element-4c9c825 elementor-section-boxed elementor-section-height-default elementor-section-height-default wpr-particle-no wpr-jarallax-no wpr-parallax-no wpr-sticky-section-no\" data-id=\"4c9c825\" data-element_type=\"section\">\n\t\t\t\t\t\t<div class=\"elementor-container elementor-column-gap-default\">\n\t\t\t\t\t<div class=\"elementor-column elementor-col-100 elementor-top-column elementor-element elementor-element-446e5b8\" data-id=\"446e5b8\" data-element_type=\"column\">\n\t\t\t<div class=\"elementor-widget-wrap elementor-element-populated\">\n\t\t\t\t\t\t<div class=\"elementor-element elementor-element-aeb0b99 elementor-widget elementor-widget-heading\" data-id=\"aeb0b99\" data-element_type=\"widget\" data-widget_type=\"heading.default\">\n\t\t\t\t<div class=\"elementor-widget-container\">\n\t\t\t\t\t<h3 class=\"elementor-heading-title elementor-size-default\">Predvies\u0165 a u\u010di\u0165 \u013aud\u00ed na Slovensku nov\u00fd druh vodn\u00e9ho \u0161portu - pumpfoilsurfing.<\/h3>\t\t\t\t<\/div>\n\t\t\t\t<\/div>\n\t\t\t\t\t<\/div>\n\t\t<\/div>\n\t\t\t\t\t<\/div>\n\t\t<\/section>\n\t\t\t\t<section class=\"elementor-section elementor-top-section elementor-element elementor-element-9f0ca21 elementor-section-boxed elementor-section-height-default elementor-section-height-default wpr-particle-no wpr-jarallax-no wpr-parallax-no wpr-sticky-section-no\" data-id=\"9f0ca21\" data-element_type=\"section\">\n\t\t\t\t\t\t<div class=\"elementor-container elementor-column-gap-default\">\n\t\t\t\t\t<div class=\"elementor-column elementor-col-100 elementor-top-column elementor-element elementor-element-a798004\" data-id=\"a798004\" data-element_type=\"column\">\n\t\t\t<div class=\"elementor-widget-wrap elementor-element-populated\">\n\t\t\t\t\t\t<div class=\"elementor-element elementor-element-0af6475 elementor-widget elementor-widget-text-editor\" data-id=\"0af6475\" data-element_type=\"widget\" data-widget_type=\"text-editor.default\">\n\t\t\t\t<div class=\"elementor-widget-container\">\n\t\t\t\t\t\t\t\t\t<p>Neuver\u00edte, ale dlh\u00e9 roky nebol vymyslen\u00fd \u0161port \u010do sa d\u00e1 robi\u0165 na Slovensku bez v\u013an a vetra, ktor\u00fd sa aspo\u0148 malou tro\u0161kou podob\u00e1 surfingu. Ale je to tu, m\u00e1me tu pumpfoiling,\u00a0<b>tak\u017ee priatelia, ak m\u00e1te z\u00e1ujem podie\u013ea\u0165 sa na rozbehnut\u00ed tohto \u00fa\u017easn\u00e9ho \u0161portu na Slovensku, podporte tento projekt.<\/b><br \/>V\u010faka Va\u0161im pr\u00edspevkom podpor\u00edte k\u00fapu surfu, foilu, pren\u00e1jmu karavanu, kampa\u0148 a reklamu na propag\u00e1ciu tohto \u00fa\u017easn\u00e9ho \u0161portu.<\/p>\t\t\t\t\t\t\t\t<\/div>\n\t\t\t\t<\/div>\n\t\t\t\t<div class=\"elementor-element elementor-element-2e18cf2 elementor-widget elementor-widget-image\" data-id=\"2e18cf2\" data-element_type=\"widget\" data-widget_type=\"image.default\">\n\t\t\t\t<div class=\"elementor-widget-container\">\n\t\t\t\t\t\t\t\t\t\t\t\t\t\t\t<img decoding=\"async\" width=\"960\" height=\"710\" src=\"https:\/\/www.citysurfers.sk\/wp-content\/uploads\/2023\/08\/WhatsApp-Image-2023-08-07-at-23.37.26-1-1024x757.jpeg\" class=\"attachment-large size-large wp-image-1918\" alt=\"\" srcset=\"https:\/\/www.citysurfers.sk\/wp-content\/uploads\/2023\/08\/WhatsApp-Image-2023-08-07-at-23.37.26-1-1024x757.jpeg 1024w, https:\/\/www.citysurfers.sk\/wp-content\/uploads\/2023\/08\/WhatsApp-Image-2023-08-07-at-23.37.26-1-300x222.jpeg 300w, https:\/\/www.citysurfers.sk\/wp-content\/uploads\/2023\/08\/WhatsApp-Image-2023-08-07-at-23.37.26-1-768x567.jpeg 768w, https:\/\/www.citysurfers.sk\/wp-content\/uploads\/2023\/08\/WhatsApp-Image-2023-08-07-at-23.37.26-1-1536x1135.jpeg 1536w, https:\/\/www.citysurfers.sk\/wp-content\/uploads\/2023\/08\/WhatsApp-Image-2023-08-07-at-23.37.26-1.jpeg 2048w\" sizes=\"(max-width: 960px) 100vw, 960px\" \/>\t\t\t\t\t\t\t\t\t\t\t\t\t\t\t<\/div>\n\t\t\t\t<\/div>\n\t\t\t\t\t<\/div>\n\t\t<\/div>\n\t\t\t\t\t<\/div>\n\t\t<\/section>\n\t\t\t\t<section class=\"elementor-section elementor-top-section elementor-element elementor-element-de3c104 elementor-section-boxed elementor-section-height-default elementor-section-height-default wpr-particle-no wpr-jarallax-no wpr-parallax-no wpr-sticky-section-no\" data-id=\"de3c104\" data-element_type=\"section\">\n\t\t\t\t\t\t<div class=\"elementor-container elementor-column-gap-default\">\n\t\t\t\t\t<div class=\"elementor-column elementor-col-100 elementor-top-column elementor-element elementor-element-0f14aee\" data-id=\"0f14aee\" data-element_type=\"column\">\n\t\t\t<div class=\"elementor-widget-wrap elementor-element-populated\">\n\t\t\t\t\t\t<div class=\"elementor-element elementor-element-65464cb elementor-widget elementor-widget-heading\" data-id=\"65464cb\" data-element_type=\"widget\" data-widget_type=\"heading.default\">\n\t\t\t\t<div class=\"elementor-widget-container\">\n\t\t\t\t\t<h3 class=\"elementor-heading-title elementor-size-default\">\u010eakujem, te\u0161\u00edme sa. Slnko, voda, pumpfoilsurfing.<\/h3>\t\t\t\t<\/div>\n\t\t\t\t<\/div>\n\t\t\t\t\t<\/div>\n\t\t<\/div>\n\t\t\t\t\t<\/div>\n\t\t<\/section>\n\t\t\t\t<section class=\"elementor-section elementor-top-section elementor-element elementor-element-e0657af elementor-section-boxed elementor-section-height-default elementor-section-height-default wpr-particle-no wpr-jarallax-no wpr-parallax-no wpr-sticky-section-no\" data-id=\"e0657af\" data-element_type=\"section\">\n\t\t\t\t\t\t<div class=\"elementor-container elementor-column-gap-default\">\n\t\t\t\t\t<div class=\"elementor-column elementor-col-100 elementor-top-column elementor-element elementor-element-e58e516\" data-id=\"e58e516\" data-element_type=\"column\">\n\t\t\t<div class=\"elementor-widget-wrap elementor-element-populated\">\n\t\t\t\t\t\t<div class=\"elementor-element elementor-element-d2b04f2 elementor-widget elementor-widget-text-editor\" data-id=\"d2b04f2\" data-element_type=\"widget\" data-widget_type=\"text-editor.default\">\n\t\t\t\t<div class=\"elementor-widget-container\">\n\t\t\t\t\t\t\t\t\t<p>Svoju podporu m\u00f4\u017eete zasla\u0165 na n\u00e1\u0161 \u00fa\u010det:<\/p><ul><li>Bankov\u00e9 spojenie: SK64 8360 5207 0042 0912 9719<\/li><\/ul><h2 class=\"wp-block-heading\">Tom\u00e1\u0161 Sl\u00e1vik<\/h2><p>Tel. \u010d.: 0911 430 391<\/p><ul><li>Tom\u00e1\u0161 Sl\u00e1vik \u2013 MARSEA.SK<\/li><li>email: tomas@marsea.sk<\/li><li>I\u010cO: 37193937<\/li><li>DI\u010c: 1086059073<\/li><li>Bankov\u00e9 spojenie: SK64 8360 5207 0042 0912 9719<\/li><\/ul>\t\t\t\t\t\t\t\t<\/div>\n\t\t\t\t<\/div>\n\t\t\t\t\t<\/div>\n\t\t<\/div>\n\t\t\t\t\t<\/div>\n\t\t<\/section>\n\t\t\t\t<\/div>\n\t\t","protected":false},"excerpt":{"rendered":"<p>Sko\u010d na surf a le\u0165 ! Chcel by som V\u00e1m dopria\u0165 ten \u00fa\u017easn\u00fd pocit letie\u0165 nad vodnou hladinou na surfe a u\u017e\u00edva\u0165 si rados\u0165 z dockstart pumpfoil surfingu. Nau\u010d sa tento nov\u00fd \u0161port a po\u010f s nami jazdi\u0165 na slovensk\u00e9 jazer\u00e1 a rieky. No tak pridaj sa! V\u00e1\u0161 pr\u00edspevok pou\u017eijeme na n\u00e1kup pumpfoilsurfingov\u00e9ho vybavenia a pren\u00e1jmu karavanu. V\u010faka V\u00e1m sa n\u00e1m podar\u00ed tento \u0161port roz\u0161\u00edri\u0165 aj na Slovensku. Pumpfoilsurfing Aj ty si v\u017edy obdivoval surferov ako jazdia a u\u017e\u00edvaj\u00fa si vodu a hor\u00face slnko? Tento z\u00e1\u017eitok a pocit sa d\u00e1 prenies\u0165 aj do slovenskej reality. V\u010faka pumpfoilsurfingu to m\u00f4\u017ee\u0161 za\u017ei\u0165. Je to nov\u00fd druh \u0161portu a neobmedzen\u00e1 z\u00e1bava pre ka\u017ed\u00e9ho pumpfoilsurfera bez vetra, bez v\u013an, bez motora \u2013 \u010dist\u00e1 nez\u00e1vislos\u0165 nad vodnou hladinou.\u00a0Harm\u00f3nia s doskou a spojenie so \u017eivlom vody. Je to \u00fa\u017easn\u00e9,\u00a0preto by som chcel v lete zorganizova\u0165 surfing trip po Slovensku, nie\u010do ako surfing California 80 roky.\u00a0Caravan, slnko, voda, happyness a j\u00f3ga. Predstava je nav\u0161t\u00edvi\u0165 s partiou \u013eud\u00ed slovensk\u00e9 jazer\u00e1 s image karavanom, pumpsurffoilova\u0165, padlboardova\u0165, fotografova\u0165 a uk\u00e1za\u0165 pumpfoilsurfing na Slovensku. Prenies\u0165 energiu surferov na slovensk\u00e9 jazer\u00e1 a rieky &#8211; Zlat\u00e9 piesky, Slne\u010dn\u00e9 jazer\u00e1, V\u00e1h, Liptovsk\u00e1 Mara, Oravsk\u00e1 priehrada, Doma\u0161a, at\u010f&#8230;\u00a0Po\u010das 10 d\u0148ov\u00e9ho promo tripu po Slovensku by sme robili kurzy pumpfoilsurfingu, tak\u017ee si m\u00f4\u017eete vybra\u0165\u00a0 miesto, kde by ste chceli pumfoilsurfing vidie\u0165 alebo vysk\u00fa\u0161a\u0165. Predvies\u0165 a u\u010di\u0165 \u013aud\u00ed na Slovensku nov\u00fd druh vodn\u00e9ho \u0161portu &#8211; pumpfoilsurfing. Neuver\u00edte, ale dlh\u00e9 roky nebol vymyslen\u00fd \u0161port \u010do sa d\u00e1 robi\u0165 na Slovensku bez v\u013an a vetra, ktor\u00fd sa aspo\u0148 malou tro\u0161kou podob\u00e1 surfingu. Ale je to tu, m\u00e1me tu pumpfoiling,\u00a0tak\u017ee priatelia, ak m\u00e1te z\u00e1ujem podie\u013ea\u0165 sa na rozbehnut\u00ed tohto \u00fa\u017easn\u00e9ho \u0161portu na Slovensku, podporte tento projekt.V\u010faka Va\u0161im pr\u00edspevkom podpor\u00edte k\u00fapu surfu, foilu, pren\u00e1jmu karavanu, kampa\u0148 a reklamu na propag\u00e1ciu tohto \u00fa\u017easn\u00e9ho \u0161portu. \u010eakujem, te\u0161\u00edme sa. Slnko, voda, pumpfoilsurfing. Svoju podporu m\u00f4\u017eete zasla\u0165 na n\u00e1\u0161 \u00fa\u010det: Bankov\u00e9 spojenie: SK64 8360 5207 0042 0912 9719 Tom\u00e1\u0161 Sl\u00e1vik Tel. \u010d.: 0911 430 391 Tom\u00e1\u0161 Sl\u00e1vik \u2013 MARSEA.SK email: tomas@marsea.sk I\u010cO: 37193937 DI\u010c: 1086059073 Bankov\u00e9 spojenie: SK64 8360 5207 0042 0912 9719<\/p>\n","protected":false},"author":1,"featured_media":0,"parent":0,"menu_order":0,"comment_status":"closed","ping_status":"closed","template":"","meta":{"footnotes":""},"class_list":["post-1948","page","type-page","status-publish","hentry"],"_links":{"self":[{"href":"https:\/\/www.citysurfers.sk\/index.php\/wp-json\/wp\/v2\/pages\/1948","targetHints":{"allow":["GET"]}}],"collection":[{"href":"https:\/\/www.citysurfers.sk\/index.php\/wp-json\/wp\/v2\/pages"}],"about":[{"href":"https:\/\/www.citysurfers.sk\/index.php\/wp-json\/wp\/v2\/types\/page"}],"author":[{"embeddable":true,"href":"https:\/\/www.citysurfers.sk\/index.php\/wp-json\/wp\/v2\/users\/1"}],"replies":[{"embeddable":true,"href":"https:\/\/www.citysurfers.sk\/index.php\/wp-json\/wp\/v2\/comments?post=1948"}],"version-history":[{"count":43,"href":"https:\/\/www.citysurfers.sk\/index.php\/wp-json\/wp\/v2\/pages\/1948\/revisions"}],"predecessor-version":[{"id":2836,"href":"https:\/\/www.citysurfers.sk\/index.php\/wp-json\/wp\/v2\/pages\/1948\/revisions\/2836"}],"wp:attachment":[{"href":"https:\/\/www.citysurfers.sk\/index.php\/wp-json\/wp\/v2\/media?parent=1948"}],"curies":[{"name":"wp","href":"https:\/\/api.w.org\/{rel}","templated":true}]}}