{"id":2075,"date":"2023-08-09T12:34:22","date_gmt":"2023-08-09T10:34:22","guid":{"rendered":"https:\/\/www.citysurfers.sk\/?page_id=2075"},"modified":"2025-02-25T11:08:10","modified_gmt":"2025-02-25T10:08:10","slug":"kontakt","status":"publish","type":"page","link":"https:\/\/www.citysurfers.sk\/index.php\/kontakt\/","title":{"rendered":"Kontakt"},"content":{"rendered":"\n<h2 class=\"wp-block-heading\">Tom\u00e1\u0161 Citysurfers.sk &#8211; Tel. \u010d.: 0911 430 391<\/h2>\n\n\n\n<ul class=\"wp-block-list\">\n<li>Tom\u00e1\u0161 Sl\u00e1vik \u2013 MARSEA.SK<\/li>\n\n\n\n<li>Sadov\u00e1 ulica 200\/30 Ko\u0161eca 01864<\/li>\n\n\n\n<li>email: alica@citysurfers<\/li>\n\n\n\n<li>email: tomas@marsea.sk<\/li>\n\n\n\n<li>I\u010cO: 37193937<\/li>\n\n\n\n<li>DI\u010c: 1086059073<\/li>\n\n\n\n<li>I\u010c DPH: SK1086059073<\/li>\n\n\n\n<li>Bankov\u00e9 spojenie: SK64 8360 5207 0042 0912 9719<\/li>\n<\/ul>\n\n\n\n<p><\/p>\n","protected":false},"excerpt":{"rendered":"<p>Tom\u00e1\u0161 Citysurfers.sk &#8211; Tel. \u010d.: 0911 430 391<\/p>\n","protected":false},"author":1,"featured_media":0,"parent":0,"menu_order":0,"comment_status":"closed","ping_status":"closed","template":"","meta":{"footnotes":""},"class_list":["post-2075","page","type-page","status-publish","hentry"],"_links":{"self":[{"href":"https:\/\/www.citysurfers.sk\/index.php\/wp-json\/wp\/v2\/pages\/2075","targetHints":{"allow":["GET"]}}],"collection":[{"href":"https:\/\/www.citysurfers.sk\/index.php\/wp-json\/wp\/v2\/pages"}],"about":[{"href":"https:\/\/www.citysurfers.sk\/index.php\/wp-json\/wp\/v2\/types\/page"}],"author":[{"embeddable":true,"href":"https:\/\/www.citysurfers.sk\/index.php\/wp-json\/wp\/v2\/users\/1"}],"replies":[{"embeddable":true,"href":"https:\/\/www.citysurfers.sk\/index.php\/wp-json\/wp\/v2\/comments?post=2075"}],"version-history":[{"count":8,"href":"https:\/\/www.citysurfers.sk\/index.php\/wp-json\/wp\/v2\/pages\/2075\/revisions"}],"predecessor-version":[{"id":2833,"href":"https:\/\/www.citysurfers.sk\/index.php\/wp-json\/wp\/v2\/pages\/2075\/revisions\/2833"}],"wp:attachment":[{"href":"https:\/\/www.citysurfers.sk\/index.php\/wp-json\/wp\/v2\/media?parent=2075"}],"curies":[{"name":"wp","href":"https:\/\/api.w.org\/{rel}","templated":true}]}}