{"id":2437,"date":"2023-11-23T09:05:38","date_gmt":"2023-11-23T08:05:38","guid":{"rendered":"https:\/\/www.citysurfers.sk\/?page_id=2437"},"modified":"2023-11-24T12:10:32","modified_gmt":"2023-11-24T11:10:32","slug":"kurzy","status":"publish","type":"page","link":"https:\/\/www.citysurfers.sk\/index.php\/kurzy\/","title":{"rendered":"Kurzy"},"content":{"rendered":"\t\t<div data-elementor-type=\"wp-page\" data-elementor-id=\"2437\" class=\"elementor elementor-2437\">\n\t\t\t\t\t\t<section class=\"elementor-section elementor-top-section elementor-element elementor-element-b027d39 elementor-section-boxed elementor-section-height-default elementor-section-height-default wpr-particle-no wpr-jarallax-no wpr-parallax-no wpr-sticky-section-no\" data-id=\"b027d39\" data-element_type=\"section\">\n\t\t\t\t\t\t<div class=\"elementor-container elementor-column-gap-default\">\n\t\t\t\t\t<div class=\"elementor-column elementor-col-100 elementor-top-column elementor-element elementor-element-4bafa40\" data-id=\"4bafa40\" data-element_type=\"column\">\n\t\t\t<div class=\"elementor-widget-wrap elementor-element-populated\">\n\t\t\t\t\t\t<div class=\"elementor-element elementor-element-09e1119 elementor-position-left elementor-vertical-align-top elementor-widget elementor-widget-image-box\" data-id=\"09e1119\" data-element_type=\"widget\" data-widget_type=\"image-box.default\">\n\t\t\t\t<div class=\"elementor-widget-container\">\n\t\t\t\t\t<div class=\"elementor-image-box-wrapper\"><figure class=\"elementor-image-box-img\"><a href=\"https:\/\/www.citysurfers.sk\/index.php\/kurzy\/paddleboarding\/\" tabindex=\"-1\"><img fetchpriority=\"high\" decoding=\"async\" width=\"1024\" height=\"768\" src=\"https:\/\/www.citysurfers.sk\/wp-content\/uploads\/2023\/11\/72_paddleboarding.jpg\" class=\"attachment-full size-full wp-image-2439\" alt=\"\" srcset=\"https:\/\/www.citysurfers.sk\/wp-content\/uploads\/2023\/11\/72_paddleboarding.jpg 1024w, https:\/\/www.citysurfers.sk\/wp-content\/uploads\/2023\/11\/72_paddleboarding-300x225.jpg 300w, https:\/\/www.citysurfers.sk\/wp-content\/uploads\/2023\/11\/72_paddleboarding-768x576.jpg 768w\" sizes=\"(max-width: 1024px) 100vw, 1024px\" \/><\/a><\/figure><div class=\"elementor-image-box-content\"><h3 class=\"elementor-image-box-title\"><a href=\"https:\/\/www.citysurfers.sk\/index.php\/kurzy\/paddleboarding\/\">Paddleboarding<\/a><\/h3><p class=\"elementor-image-box-description\">Paddleboarding je \u0161portom, pri ktorom \u010dlovek rovnomerne zap\u00e1ja cel\u00e9 telo, zlep\u0161\u00ed zmysel pre rovnov\u00e1hu a fyzick\u00fa kond\u00edciu.<\/p><\/div><\/div>\t\t\t\t<\/div>\n\t\t\t\t<\/div>\n\t\t\t\t<div class=\"elementor-element elementor-element-c6230e1 elementor-position-left elementor-vertical-align-top elementor-widget elementor-widget-image-box\" data-id=\"c6230e1\" data-element_type=\"widget\" data-widget_type=\"image-box.default\">\n\t\t\t\t<div class=\"elementor-widget-container\">\n\t\t\t\t\t<div class=\"elementor-image-box-wrapper\"><figure class=\"elementor-image-box-img\"><a href=\"https:\/\/www.citysurfers.sk\/index.php\/kurzy\/foil-pumping\/\" tabindex=\"-1\"><img decoding=\"async\" width=\"1024\" height=\"768\" src=\"https:\/\/www.citysurfers.sk\/wp-content\/uploads\/2023\/11\/69_screenshot-2021-10-31-09-44-35-139-com-miui-videoplayer-e1644258023292.jpg\" class=\"attachment-full size-full wp-image-2440\" alt=\"\" srcset=\"https:\/\/www.citysurfers.sk\/wp-content\/uploads\/2023\/11\/69_screenshot-2021-10-31-09-44-35-139-com-miui-videoplayer-e1644258023292.jpg 1024w, https:\/\/www.citysurfers.sk\/wp-content\/uploads\/2023\/11\/69_screenshot-2021-10-31-09-44-35-139-com-miui-videoplayer-e1644258023292-300x225.jpg 300w, https:\/\/www.citysurfers.sk\/wp-content\/uploads\/2023\/11\/69_screenshot-2021-10-31-09-44-35-139-com-miui-videoplayer-e1644258023292-768x576.jpg 768w\" sizes=\"(max-width: 1024px) 100vw, 1024px\" \/><\/a><\/figure><div class=\"elementor-image-box-content\"><h3 class=\"elementor-image-box-title\"><a href=\"https:\/\/www.citysurfers.sk\/index.php\/kurzy\/foil-pumping\/\">Foil pumping<\/a><\/h3><p class=\"elementor-image-box-description\">Foil pumping \u2013 neobmedzen\u00e1 z\u00e1bava pri surfovan\u00ed pre ka\u017ed\u00e9ho surfera bez vetra, bez v\u013an, bez motora \u2013 \u010dist\u00e1 nez\u00e1vislos\u0165. V tomto kurze sa obozn\u00e1mi\u0161 s technikou \u200b\u200bpumpovania a...<\/p><\/div><\/div>\t\t\t\t<\/div>\n\t\t\t\t<\/div>\n\t\t\t\t<div class=\"elementor-element elementor-element-68262e0 elementor-position-left elementor-vertical-align-top elementor-widget elementor-widget-image-box\" data-id=\"68262e0\" data-element_type=\"widget\" data-widget_type=\"image-box.default\">\n\t\t\t\t<div class=\"elementor-widget-container\">\n\t\t\t\t\t<div class=\"elementor-image-box-wrapper\"><figure class=\"elementor-image-box-img\"><a href=\"https:\/\/www.citysurfers.sk\/index.php\/kurzy\/downwinder\/\" tabindex=\"-1\"><img decoding=\"async\" width=\"1024\" height=\"768\" src=\"https:\/\/www.citysurfers.sk\/wp-content\/uploads\/2023\/11\/3144_bez-nazvu-2.jpg\" class=\"attachment-full size-full wp-image-2441\" alt=\"\" srcset=\"https:\/\/www.citysurfers.sk\/wp-content\/uploads\/2023\/11\/3144_bez-nazvu-2.jpg 1024w, https:\/\/www.citysurfers.sk\/wp-content\/uploads\/2023\/11\/3144_bez-nazvu-2-300x225.jpg 300w, https:\/\/www.citysurfers.sk\/wp-content\/uploads\/2023\/11\/3144_bez-nazvu-2-768x576.jpg 768w\" sizes=\"(max-width: 1024px) 100vw, 1024px\" \/><\/a><\/figure><div class=\"elementor-image-box-content\"><h3 class=\"elementor-image-box-title\"><a href=\"https:\/\/www.citysurfers.sk\/index.php\/kurzy\/downwinder\/\">Downwinder<\/a><\/h3><p class=\"elementor-image-box-description\">U\u017e si niekedy po\u010dul o Downwinde? Ide o vzru\u0161uj\u00faci, nov\u00fd \u0161port surfovania na vln\u00e1ch, ktor\u00e9 s\u00fa vytvoren\u00e9 vetrom. Nejde len o oby\u010dajn\u00fd paddleboarding, pre zvl\u00e1dnutie potrebuje\u0161 nielen rovnov\u00e1hu, ale aj silu a zru\u010dnos\u0165. Osvoj si z\u00e1klady zauj\u00edmavej vodnej aktivity pod doh\u013eadom in\u0161truktora a strhni poh\u013eady okolia!<\/p><\/div><\/div>\t\t\t\t<\/div>\n\t\t\t\t<\/div>\n\t\t\t\t<div class=\"elementor-element elementor-element-269b72e elementor-position-left elementor-vertical-align-top elementor-widget elementor-widget-image-box\" data-id=\"269b72e\" data-element_type=\"widget\" data-widget_type=\"image-box.default\">\n\t\t\t\t<div class=\"elementor-widget-container\">\n\t\t\t\t\t<div class=\"elementor-image-box-wrapper\"><figure class=\"elementor-image-box-img\"><a href=\"https:\/\/www.citysurfers.sk\/index.php\/kurzy\/wakefoiling\/\" tabindex=\"-1\"><img loading=\"lazy\" decoding=\"async\" width=\"1024\" height=\"768\" src=\"https:\/\/www.citysurfers.sk\/wp-content\/uploads\/2023\/11\/81-1_obrazek-whatsapp-2023-10-08-v-08-50-38-f3801c4b.jpg\" class=\"attachment-full size-full wp-image-2442\" alt=\"\" srcset=\"https:\/\/www.citysurfers.sk\/wp-content\/uploads\/2023\/11\/81-1_obrazek-whatsapp-2023-10-08-v-08-50-38-f3801c4b.jpg 1024w, https:\/\/www.citysurfers.sk\/wp-content\/uploads\/2023\/11\/81-1_obrazek-whatsapp-2023-10-08-v-08-50-38-f3801c4b-300x225.jpg 300w, https:\/\/www.citysurfers.sk\/wp-content\/uploads\/2023\/11\/81-1_obrazek-whatsapp-2023-10-08-v-08-50-38-f3801c4b-768x576.jpg 768w\" sizes=\"(max-width: 1024px) 100vw, 1024px\" \/><\/a><\/figure><div class=\"elementor-image-box-content\"><h3 class=\"elementor-image-box-title\"><a href=\"https:\/\/www.citysurfers.sk\/index.php\/kurzy\/wakefoiling\/\">Wakefoiling<\/a><\/h3><p class=\"elementor-image-box-description\">Wakefoiling SURFOVANIE na vlne za \u010dlnom <\/p><\/div><\/div>\t\t\t\t<\/div>\n\t\t\t\t<\/div>\n\t\t\t\t<div class=\"elementor-element elementor-element-56b4025 elementor-position-left elementor-vertical-align-top elementor-widget elementor-widget-image-box\" data-id=\"56b4025\" data-element_type=\"widget\" data-widget_type=\"image-box.default\">\n\t\t\t\t<div class=\"elementor-widget-container\">\n\t\t\t\t\t<div class=\"elementor-image-box-wrapper\"><figure class=\"elementor-image-box-img\"><a href=\"https:\/\/www.citysurfers.sk\/index.php\/kurzy\/ochutnavka-wingfoilingu\/\" tabindex=\"-1\"><img loading=\"lazy\" decoding=\"async\" width=\"1024\" height=\"768\" src=\"https:\/\/www.citysurfers.sk\/wp-content\/uploads\/2023\/11\/75-1_wing-foilingdsc-7763.jpg\" class=\"attachment-full size-full wp-image-2443\" alt=\"\" srcset=\"https:\/\/www.citysurfers.sk\/wp-content\/uploads\/2023\/11\/75-1_wing-foilingdsc-7763.jpg 1024w, https:\/\/www.citysurfers.sk\/wp-content\/uploads\/2023\/11\/75-1_wing-foilingdsc-7763-300x225.jpg 300w, https:\/\/www.citysurfers.sk\/wp-content\/uploads\/2023\/11\/75-1_wing-foilingdsc-7763-768x576.jpg 768w\" sizes=\"(max-width: 1024px) 100vw, 1024px\" \/><\/a><\/figure><div class=\"elementor-image-box-content\"><h3 class=\"elementor-image-box-title\"><a href=\"https:\/\/www.citysurfers.sk\/index.php\/kurzy\/ochutnavka-wingfoilingu\/\">Ochutn\u00e1vka Wingfoilingu<\/a><\/h3><p class=\"elementor-image-box-description\">Wing foiling je vodn\u00fd \u0161port, pri ktorom jazdec riadi dosku pomocou ve\u013ek\u00e9ho kr\u00eddla (winga), vyu\u017e\u00edvaj\u00fac vetern\u00fd \u0165ah na pohyb po vode. Tento \u0161port kombinuje surfovanie s lietan\u00edm na kr\u00eddle, poskytuj\u00fac jedine\u010dn\u00fd z\u00e1\u017eitok z jazdy na vode.<\/p><\/div><\/div>\t\t\t\t<\/div>\n\t\t\t\t<\/div>\n\t\t\t\t\t<\/div>\n\t\t<\/div>\n\t\t\t\t\t<\/div>\n\t\t<\/section>\n\t\t\t\t<\/div>\n\t\t","protected":false},"excerpt":{"rendered":"<p>Paddleboarding Paddleboarding je \u0161portom, pri ktorom \u010dlovek rovnomerne zap\u00e1ja cel\u00e9 telo, zlep\u0161\u00ed zmysel pre rovnov\u00e1hu a fyzick\u00fa kond\u00edciu. Foil pumping Foil pumping \u2013 neobmedzen\u00e1 z\u00e1bava pri surfovan\u00ed pre ka\u017ed\u00e9ho surfera bez vetra, bez v\u013an, bez motora \u2013 \u010dist\u00e1 nez\u00e1vislos\u0165. V tomto kurze sa obozn\u00e1mi\u0161 s technikou \u200b\u200bpumpovania a&#8230; Downwinder U\u017e si niekedy po\u010dul o Downwinde? Ide o vzru\u0161uj\u00faci, nov\u00fd \u0161port surfovania na vln\u00e1ch, ktor\u00e9 s\u00fa vytvoren\u00e9 vetrom. Nejde len o oby\u010dajn\u00fd paddleboarding, pre zvl\u00e1dnutie potrebuje\u0161 nielen rovnov\u00e1hu, ale aj silu a zru\u010dnos\u0165. Osvoj si z\u00e1klady zauj\u00edmavej vodnej aktivity pod doh\u013eadom in\u0161truktora a strhni poh\u013eady okolia! Wakefoiling Wakefoiling SURFOVANIE na vlne za \u010dlnom Ochutn\u00e1vka Wingfoilingu Wing foiling je vodn\u00fd \u0161port, pri ktorom jazdec riadi dosku pomocou ve\u013ek\u00e9ho kr\u00eddla (winga), vyu\u017e\u00edvaj\u00fac vetern\u00fd \u0165ah na pohyb po vode. Tento \u0161port kombinuje surfovanie s lietan\u00edm na kr\u00eddle, poskytuj\u00fac jedine\u010dn\u00fd z\u00e1\u017eitok z jazdy na vode.<\/p>\n","protected":false},"author":1,"featured_media":0,"parent":0,"menu_order":0,"comment_status":"closed","ping_status":"closed","template":"","meta":{"footnotes":""},"class_list":["post-2437","page","type-page","status-publish","hentry"],"_links":{"self":[{"href":"https:\/\/www.citysurfers.sk\/index.php\/wp-json\/wp\/v2\/pages\/2437","targetHints":{"allow":["GET"]}}],"collection":[{"href":"https:\/\/www.citysurfers.sk\/index.php\/wp-json\/wp\/v2\/pages"}],"about":[{"href":"https:\/\/www.citysurfers.sk\/index.php\/wp-json\/wp\/v2\/types\/page"}],"author":[{"embeddable":true,"href":"https:\/\/www.citysurfers.sk\/index.php\/wp-json\/wp\/v2\/users\/1"}],"replies":[{"embeddable":true,"href":"https:\/\/www.citysurfers.sk\/index.php\/wp-json\/wp\/v2\/comments?post=2437"}],"version-history":[{"count":7,"href":"https:\/\/www.citysurfers.sk\/index.php\/wp-json\/wp\/v2\/pages\/2437\/revisions"}],"predecessor-version":[{"id":2490,"href":"https:\/\/www.citysurfers.sk\/index.php\/wp-json\/wp\/v2\/pages\/2437\/revisions\/2490"}],"wp:attachment":[{"href":"https:\/\/www.citysurfers.sk\/index.php\/wp-json\/wp\/v2\/media?parent=2437"}],"curies":[{"name":"wp","href":"https:\/\/api.w.org\/{rel}","templated":true}]}}