{"id":2452,"date":"2023-11-24T11:51:37","date_gmt":"2023-11-24T10:51:37","guid":{"rendered":"https:\/\/www.citysurfers.sk\/?page_id=2452"},"modified":"2024-12-22T11:15:01","modified_gmt":"2024-12-22T10:15:01","slug":"foil-pumping","status":"publish","type":"page","link":"https:\/\/www.citysurfers.sk\/index.php\/kurzy\/foil-pumping\/","title":{"rendered":"Foil pumping"},"content":{"rendered":"<p class=\"attachment\"><a href='https:\/\/www.citysurfers.sk\/wp-content\/uploads\/2023\/08\/tomas-up2.png'><img fetchpriority=\"high\" decoding=\"async\" width=\"298\" height=\"300\" src=\"https:\/\/www.citysurfers.sk\/wp-content\/uploads\/2023\/08\/tomas-up2-298x300.png\" class=\"attachment-medium size-medium\" alt=\"\" srcset=\"https:\/\/www.citysurfers.sk\/wp-content\/uploads\/2023\/08\/tomas-up2-298x300.png 298w, https:\/\/www.citysurfers.sk\/wp-content\/uploads\/2023\/08\/tomas-up2-1016x1024.png 1016w, https:\/\/www.citysurfers.sk\/wp-content\/uploads\/2023\/08\/tomas-up2-150x150.png 150w, https:\/\/www.citysurfers.sk\/wp-content\/uploads\/2023\/08\/tomas-up2-768x774.png 768w, https:\/\/www.citysurfers.sk\/wp-content\/uploads\/2023\/08\/tomas-up2-1525x1536.png 1525w, https:\/\/www.citysurfers.sk\/wp-content\/uploads\/2023\/08\/tomas-up2-2033x2048.png 2033w\" sizes=\"(max-width: 298px) 100vw, 298px\" \/><\/a><\/p>\n\t\t<div data-elementor-type=\"wp-page\" data-elementor-id=\"2452\" class=\"elementor elementor-2452\">\n\t\t\t\t\t\t<section class=\"elementor-section elementor-top-section elementor-element elementor-element-49d0d33 elementor-section-boxed elementor-section-height-default elementor-section-height-default wpr-particle-no wpr-jarallax-no wpr-parallax-no wpr-sticky-section-no\" data-id=\"49d0d33\" data-element_type=\"section\">\n\t\t\t\t\t\t<div class=\"elementor-container elementor-column-gap-default\">\n\t\t\t\t\t<div class=\"elementor-column elementor-col-100 elementor-top-column elementor-element elementor-element-47b410a\" data-id=\"47b410a\" data-element_type=\"column\">\n\t\t\t<div class=\"elementor-widget-wrap elementor-element-populated\">\n\t\t\t\t\t\t<div class=\"elementor-element elementor-element-a2f4966 elementor-widget elementor-widget-image\" data-id=\"a2f4966\" data-element_type=\"widget\" data-widget_type=\"image.default\">\n\t\t\t\t<div class=\"elementor-widget-container\">\n\t\t\t\t\t\t\t\t\t\t\t\t\t\t\t<img decoding=\"async\" width=\"960\" height=\"720\" src=\"https:\/\/www.citysurfers.sk\/wp-content\/uploads\/2023\/11\/69_screenshot-2021-10-31-09-44-35-139-com-miui-videoplayer-e1644258023292.jpg\" class=\"attachment-large size-large wp-image-2440\" alt=\"\" srcset=\"https:\/\/www.citysurfers.sk\/wp-content\/uploads\/2023\/11\/69_screenshot-2021-10-31-09-44-35-139-com-miui-videoplayer-e1644258023292.jpg 1024w, https:\/\/www.citysurfers.sk\/wp-content\/uploads\/2023\/11\/69_screenshot-2021-10-31-09-44-35-139-com-miui-videoplayer-e1644258023292-300x225.jpg 300w, https:\/\/www.citysurfers.sk\/wp-content\/uploads\/2023\/11\/69_screenshot-2021-10-31-09-44-35-139-com-miui-videoplayer-e1644258023292-768x576.jpg 768w\" sizes=\"(max-width: 960px) 100vw, 960px\" \/>\t\t\t\t\t\t\t\t\t\t\t\t\t\t\t<\/div>\n\t\t\t\t<\/div>\n\t\t\t\t<div class=\"elementor-element elementor-element-dcb0f05 elementor-widget elementor-widget-text-editor\" data-id=\"dcb0f05\" data-element_type=\"widget\" data-widget_type=\"text-editor.default\">\n\t\t\t\t<div class=\"elementor-widget-container\">\n\t\t\t\t\t\t\t\t\tFoil pumping \u2013 neobmedzen\u00e1 z\u00e1bava pri surfovan\u00ed pre ka\u017ed\u00e9ho surfera bez vetra, bez v\u013an, bez motora \u2013 \u010dist\u00e1 nez\u00e1vislos\u0165.\n\nV tomto kurze sa obozn\u00e1mi\u0161 s technikou \u200b\u200bpumpovania a \u0161tartovania z doku. Za\u010diatok nie je jednoduch\u00fd, ale ke\u010f sa to podar\u00ed a dosiahne\u0161 harm\u00f3niu s doskou a spojenie so \u017eivlom vody, je to \u00fa\u017easn\u00e9 . Predpokladom na \u00faspech je dobr\u00e1 kond\u00edcia a trpezlivos\u0165.\t\t\t\t\t\t\t\t<\/div>\n\t\t\t\t<\/div>\n\t\t\t\t\t<\/div>\n\t\t<\/div>\n\t\t\t\t\t<\/div>\n\t\t<\/section>\n\t\t\t\t<section class=\"elementor-section elementor-top-section elementor-element elementor-element-dd47557 elementor-section-boxed elementor-section-height-default elementor-section-height-default wpr-particle-no wpr-jarallax-no wpr-parallax-no wpr-sticky-section-no\" data-id=\"dd47557\" data-element_type=\"section\">\n\t\t\t\t\t\t<div class=\"elementor-container elementor-column-gap-default\">\n\t\t\t\t\t<div class=\"elementor-column elementor-col-100 elementor-top-column elementor-element elementor-element-a9c02bf\" data-id=\"a9c02bf\" data-element_type=\"column\">\n\t\t\t<div class=\"elementor-widget-wrap elementor-element-populated\">\n\t\t\t\t\t\t<div class=\"elementor-element elementor-element-0ae2433 elementor-widget elementor-widget-text-editor\" data-id=\"0ae2433\" data-element_type=\"widget\" data-widget_type=\"text-editor.default\">\n\t\t\t\t<div class=\"elementor-widget-container\">\n\t\t\t\t\t\t\t\t\t<p><strong>D\u00e1tum kurzu:<\/strong><br>1.M\u00e1j &#8211; 1.November<\/p>\n<p><strong>Miesto konania:<\/strong><br>TREN\u010c\u00cdN LODENICA<\/p>\n<p>Po\u010das pr\u00edprav stru\u010dne vysvetl\u00edme, ako foil pumping funguje a v\u010faka tomu bud\u00fa va\u0161e prv\u00e9 pokusy o lietanie skuto\u010dn\u00fdm z\u00e1\u017eitkom. Ide aj o predch\u00e1dzanie zraneniam. S nieko\u013ek\u00fdmi, ale d\u00f4le\u017eit\u00fdmi pravidlami sa pumping st\u00e1va z\u00e1bavn\u00fdm A bezpe\u010dn\u00fdm \u0161portom. S na\u0161ou pomocou to nezaberie ve\u013ea n\u00e1mahy a pohyb foilu poc\u00edtite u\u017e po nieko\u013ek\u00fdch skokoch. Na za\u010diatku sa to deje pomal\u0161ie ale pri opakovanom tr\u00e9ningu sa to zlep\u0161uje.<\/p>\n<p>CENA ZAHR\u0147UJE:<br>individu\u00e1lny kurz<br>Rozvoj vedomost\u00ed<br>Tr\u00e9ning na vode<br>In\u0161truktora<br>PO\u017dIADAVKY:<\/p>\n<p>Minim\u00e1lny vek je 10 rokov<br>vedie\u0165 pl\u00e1va\u0165<br>zdravotne sp\u00f4sobil\u00ed<\/p>\t\t\t\t\t\t\t\t<\/div>\n\t\t\t\t<\/div>\n\t\t\t\t\t<\/div>\n\t\t<\/div>\n\t\t\t\t\t<\/div>\n\t\t<\/section>\n\t\t\t\t<section class=\"elementor-section elementor-top-section elementor-element elementor-element-3659988 elementor-section-boxed elementor-section-height-default elementor-section-height-default wpr-particle-no wpr-jarallax-no wpr-parallax-no wpr-sticky-section-no\" data-id=\"3659988\" data-element_type=\"section\">\n\t\t\t\t\t\t<div class=\"elementor-container elementor-column-gap-default\">\n\t\t\t\t\t<div class=\"elementor-column elementor-col-100 elementor-top-column elementor-element elementor-element-e210f24\" data-id=\"e210f24\" data-element_type=\"column\">\n\t\t\t<div class=\"elementor-widget-wrap elementor-element-populated\">\n\t\t\t\t\t\t<div class=\"elementor-element elementor-element-c635c14 wpr-grid-columns-4 wpr-grid-columns--tablet3 wpr-grid-columns--mobile1 wpr-grid-pagination-center elementor-widget elementor-widget-wpr-media-grid\" data-id=\"c635c14\" data-element_type=\"widget\" data-widget_type=\"wpr-media-grid.default\">\n\t\t\t\t<div class=\"elementor-widget-container\">\n\t\t\t\t\t<section class=\"wpr-grid wpr-media-grid elementor-clearfix\" data-settings=\"{&quot;layout&quot;:&quot;masonry&quot;,&quot;columns_desktop&quot;:4,&quot;gutter_hr&quot;:10,&quot;gutter_hr_mobile&quot;:10,&quot;gutter_hr_mobile_extra&quot;:10,&quot;gutter_hr_tablet&quot;:10,&quot;gutter_hr_tablet_extra&quot;:10,&quot;gutter_hr_laptop&quot;:10,&quot;gutter_hr_widescreen&quot;:10,&quot;gutter_vr&quot;:10,&quot;gutter_vr_mobile&quot;:10,&quot;gutter_vr_mobile_extra&quot;:10,&quot;gutter_vr_tablet&quot;:10,&quot;gutter_vr_tablet_extra&quot;:10,&quot;gutter_vr_laptop&quot;:10,&quot;gutter_vr_widescreen&quot;:10,&quot;animation&quot;:&quot;default&quot;,&quot;animation_duration&quot;:0.299999999999999988897769753748434595763683319091796875,&quot;animation_delay&quot;:0.1000000000000000055511151231257827021181583404541015625,&quot;deeplinking&quot;:&quot;&quot;,&quot;filters_default_filter&quot;:&quot;&quot;,&quot;filters_linkable&quot;:&quot;no&quot;,&quot;filters_count&quot;:&quot;&quot;,&quot;filters_hide_empty&quot;:&quot;no&quot;,&quot;filters_animation&quot;:&quot;default&quot;,&quot;filters_animation_duration&quot;:0.299999999999999988897769753748434595763683319091796875,&quot;filters_animation_delay&quot;:0.1000000000000000055511151231257827021181583404541015625,&quot;pagination_type&quot;:&quot;load-more&quot;,&quot;pagination_max_pages&quot;:1,&quot;lightbox&quot;:{&quot;selector&quot;:&quot;.wpr-grid-image-wrap&quot;,&quot;iframeMaxWidth&quot;:&quot;60%&quot;,&quot;hash&quot;:false,&quot;autoplay&quot;:&quot;true&quot;,&quot;pause&quot;:5000,&quot;progressBar&quot;:&quot;true&quot;,&quot;counter&quot;:&quot;true&quot;,&quot;controls&quot;:&quot;true&quot;,&quot;getCaptionFromTitleOrAlt&quot;:&quot;true&quot;,&quot;thumbnail&quot;:&quot;&quot;,&quot;showThumbByDefault&quot;:&quot;&quot;,&quot;share&quot;:&quot;&quot;,&quot;zoom&quot;:&quot;true&quot;,&quot;fullScreen&quot;:&quot;true&quot;,&quot;download&quot;:&quot;true&quot;}}\"><article class=\"wpr-grid-item elementor-clearfix post-2476 attachment type-attachment status-inherit hentry\"><div class=\"wpr-grid-item-inner\"><div class=\"wpr-grid-media-wrap wpr-effect-size-small \"><div class=\"wpr-grid-image-wrap\" data-src=\"https:\/\/www.citysurfers.sk\/wp-content\/uploads\/2023\/11\/3144-1_bez-nazvu-3.jpg\"><img decoding=\"async\" src=\"https:\/\/www.citysurfers.sk\/wp-content\/uploads\/2023\/11\/3144-1_bez-nazvu-3.jpg\" alt=\"3144-1_bez-nazvu-3\" class=\"wpr-anim-timing-ease-default\"><\/div><div class=\"wpr-grid-media-hover wpr-animation-wrap\"><div class=\"wpr-grid-media-hover-bg  wpr-overlay-fade-in wpr-anim-size-large wpr-anim-timing-ease-default wpr-anim-transparency\" data-url=\"https:\/\/www.citysurfers.sk\/3144-1_bez-nazvu-3\/\"><\/div><div class=\"wpr-cv-container\"><div class=\"wpr-cv-outer\"><div class=\"wpr-cv-inner\"><div class=\"wpr-grid-media-hover-middle elementor-clearfix\"><div class=\"wpr-grid-item-lightbox elementor-repeater-item-a930cfd wpr-grid-item-display-block wpr-grid-item-align-center wpr-element-fade-in wpr-anim-size-large wpr-anim-timing-ease-default wpr-anim-transparency\"><div class=\"inner-block\"><span data-src=\"https:\/\/www.citysurfers.sk\/wp-content\/uploads\/2023\/11\/3144-1_bez-nazvu-3.jpg\"><i class=\"fas fa-search\"><\/i><\/span><div class=\"wpr-grid-lightbox-overlay\"><\/div><\/div><\/div><\/div><\/div><\/div><\/div><\/div><\/div><\/div><\/article><article class=\"wpr-grid-item elementor-clearfix post-2032 attachment type-attachment status-inherit hentry\"><div class=\"wpr-grid-item-inner\"><div class=\"wpr-grid-media-wrap wpr-effect-size-small \"><div class=\"wpr-grid-image-wrap\" data-src=\"https:\/\/www.citysurfers.sk\/wp-content\/uploads\/2023\/08\/WhatsApp-Image-2023-08-08-at-09.51.17.jpeg\"><img decoding=\"async\" src=\"https:\/\/www.citysurfers.sk\/wp-content\/uploads\/2023\/08\/WhatsApp-Image-2023-08-08-at-09.51.17.jpeg\" alt=\"WhatsApp Image 2023-08-08 at 09.51.17\" class=\"wpr-anim-timing-ease-default\"><\/div><div class=\"wpr-grid-media-hover wpr-animation-wrap\"><div class=\"wpr-grid-media-hover-bg  wpr-overlay-fade-in wpr-anim-size-large wpr-anim-timing-ease-default wpr-anim-transparency\" data-url=\"https:\/\/www.citysurfers.sk\/index.php\/domov\/whatsapp-image-2023-08-08-at-09-51-17\/\"><\/div><div class=\"wpr-cv-container\"><div class=\"wpr-cv-outer\"><div class=\"wpr-cv-inner\"><div class=\"wpr-grid-media-hover-middle elementor-clearfix\"><div class=\"wpr-grid-item-lightbox elementor-repeater-item-a930cfd wpr-grid-item-display-block wpr-grid-item-align-center wpr-element-fade-in wpr-anim-size-large wpr-anim-timing-ease-default wpr-anim-transparency\"><div class=\"inner-block\"><span data-src=\"https:\/\/www.citysurfers.sk\/wp-content\/uploads\/2023\/08\/WhatsApp-Image-2023-08-08-at-09.51.17.jpeg\"><i class=\"fas fa-search\"><\/i><\/span><div class=\"wpr-grid-lightbox-overlay\"><\/div><\/div><\/div><\/div><\/div><\/div><\/div><\/div><\/div><\/div><\/article><article class=\"wpr-grid-item elementor-clearfix post-2027 attachment type-attachment status-inherit hentry\"><div class=\"wpr-grid-item-inner\"><div class=\"wpr-grid-media-wrap wpr-effect-size-small \"><div class=\"wpr-grid-image-wrap\" data-src=\"https:\/\/www.citysurfers.sk\/wp-content\/uploads\/2023\/08\/tomas-up2.png\"><img decoding=\"async\" src=\"https:\/\/www.citysurfers.sk\/wp-content\/uploads\/2023\/08\/tomas-up2.png\" alt=\"tomas-up2\" class=\"wpr-anim-timing-ease-default\"><\/div><div class=\"wpr-grid-media-hover wpr-animation-wrap\"><div class=\"wpr-grid-media-hover-bg  wpr-overlay-fade-in wpr-anim-size-large wpr-anim-timing-ease-default wpr-anim-transparency\" data-url=\"https:\/\/www.citysurfers.sk\/index.php\/domov\/tomas-up2\/\"><\/div><div class=\"wpr-cv-container\"><div class=\"wpr-cv-outer\"><div class=\"wpr-cv-inner\"><div class=\"wpr-grid-media-hover-middle elementor-clearfix\"><div class=\"wpr-grid-item-lightbox elementor-repeater-item-a930cfd wpr-grid-item-display-block wpr-grid-item-align-center wpr-element-fade-in wpr-anim-size-large wpr-anim-timing-ease-default wpr-anim-transparency\"><div class=\"inner-block\"><span data-src=\"https:\/\/www.citysurfers.sk\/wp-content\/uploads\/2023\/08\/tomas-up2.png\"><i class=\"fas fa-search\"><\/i><\/span><div class=\"wpr-grid-lightbox-overlay\"><\/div><\/div><\/div><\/div><\/div><\/div><\/div><\/div><\/div><\/div><\/article><\/section>\t\t\t\t<\/div>\n\t\t\t\t<\/div>\n\t\t\t\t\t<\/div>\n\t\t<\/div>\n\t\t\t\t\t<\/div>\n\t\t<\/section>\n\t\t\t\t<\/div>\n\t\t","protected":false},"excerpt":{"rendered":"<p>Foil pumping \u2013 neobmedzen\u00e1 z\u00e1bava pri surfovan\u00ed pre ka\u017ed\u00e9ho surfera bez vetra, bez v\u013an, bez motora \u2013 \u010dist\u00e1 nez\u00e1vislos\u0165. V tomto kurze sa obozn\u00e1mi\u0161 s technikou \u200b\u200bpumpovania a \u0161tartovania z doku. Za\u010diatok nie je jednoduch\u00fd, ale ke\u010f sa to podar\u00ed a dosiahne\u0161 harm\u00f3niu s doskou a spojenie so \u017eivlom vody, je to \u00fa\u017easn\u00e9 . Predpokladom na \u00faspech je dobr\u00e1 kond\u00edcia a trpezlivos\u0165. D\u00e1tum kurzu:1.M\u00e1j &#8211; 1.November Miesto konania:TREN\u010c\u00cdN LODENICA Po\u010das pr\u00edprav stru\u010dne vysvetl\u00edme, ako foil pumping funguje a v\u010faka tomu bud\u00fa va\u0161e prv\u00e9 pokusy o lietanie skuto\u010dn\u00fdm z\u00e1\u017eitkom. Ide aj o predch\u00e1dzanie zraneniam. S nieko\u013ek\u00fdmi, ale d\u00f4le\u017eit\u00fdmi pravidlami sa pumping st\u00e1va z\u00e1bavn\u00fdm A bezpe\u010dn\u00fdm \u0161portom. S na\u0161ou pomocou to nezaberie ve\u013ea n\u00e1mahy a pohyb foilu poc\u00edtite u\u017e po nieko\u013ek\u00fdch skokoch. Na za\u010diatku sa to deje pomal\u0161ie ale pri opakovanom tr\u00e9ningu sa to zlep\u0161uje. CENA ZAHR\u0147UJE:individu\u00e1lny kurzRozvoj vedomost\u00edTr\u00e9ning na vodeIn\u0161truktoraPO\u017dIADAVKY: Minim\u00e1lny vek je 10 rokovvedie\u0165 pl\u00e1va\u0165zdravotne sp\u00f4sobil\u00ed<\/p>\n","protected":false},"author":1,"featured_media":0,"parent":2437,"menu_order":0,"comment_status":"closed","ping_status":"closed","template":"","meta":{"footnotes":""},"class_list":["post-2452","page","type-page","status-publish","hentry"],"_links":{"self":[{"href":"https:\/\/www.citysurfers.sk\/index.php\/wp-json\/wp\/v2\/pages\/2452","targetHints":{"allow":["GET"]}}],"collection":[{"href":"https:\/\/www.citysurfers.sk\/index.php\/wp-json\/wp\/v2\/pages"}],"about":[{"href":"https:\/\/www.citysurfers.sk\/index.php\/wp-json\/wp\/v2\/types\/page"}],"author":[{"embeddable":true,"href":"https:\/\/www.citysurfers.sk\/index.php\/wp-json\/wp\/v2\/users\/1"}],"replies":[{"embeddable":true,"href":"https:\/\/www.citysurfers.sk\/index.php\/wp-json\/wp\/v2\/comments?post=2452"}],"version-history":[{"count":13,"href":"https:\/\/www.citysurfers.sk\/index.php\/wp-json\/wp\/v2\/pages\/2452\/revisions"}],"predecessor-version":[{"id":2579,"href":"https:\/\/www.citysurfers.sk\/index.php\/wp-json\/wp\/v2\/pages\/2452\/revisions\/2579"}],"up":[{"embeddable":true,"href":"https:\/\/www.citysurfers.sk\/index.php\/wp-json\/wp\/v2\/pages\/2437"}],"wp:attachment":[{"href":"https:\/\/www.citysurfers.sk\/index.php\/wp-json\/wp\/v2\/media?parent=2452"}],"curies":[{"name":"wp","href":"https:\/\/api.w.org\/{rel}","templated":true}]}}