{"id":2457,"date":"2023-11-24T11:57:34","date_gmt":"2023-11-24T10:57:34","guid":{"rendered":"https:\/\/www.citysurfers.sk\/?page_id=2457"},"modified":"2024-10-07T10:43:48","modified_gmt":"2024-10-07T08:43:48","slug":"downwinder","status":"publish","type":"page","link":"https:\/\/www.citysurfers.sk\/index.php\/kurzy\/downwinder\/","title":{"rendered":"Downwinder"},"content":{"rendered":"\t\t<div data-elementor-type=\"wp-page\" data-elementor-id=\"2457\" class=\"elementor elementor-2457\">\n\t\t\t\t\t\t<section class=\"elementor-section elementor-top-section elementor-element elementor-element-f35a594 elementor-section-boxed elementor-section-height-default elementor-section-height-default wpr-particle-no wpr-jarallax-no wpr-parallax-no wpr-sticky-section-no\" data-id=\"f35a594\" data-element_type=\"section\">\n\t\t\t\t\t\t<div class=\"elementor-container elementor-column-gap-default\">\n\t\t\t\t\t<div class=\"elementor-column elementor-col-100 elementor-top-column elementor-element elementor-element-d0b483f\" data-id=\"d0b483f\" data-element_type=\"column\">\n\t\t\t<div class=\"elementor-widget-wrap elementor-element-populated\">\n\t\t\t\t\t\t<div class=\"elementor-element elementor-element-2255886 elementor-widget elementor-widget-image\" data-id=\"2255886\" data-element_type=\"widget\" data-widget_type=\"image.default\">\n\t\t\t\t<div class=\"elementor-widget-container\">\n\t\t\t\t\t\t\t\t\t\t\t\t\t\t\t<img fetchpriority=\"high\" decoding=\"async\" width=\"960\" height=\"720\" src=\"https:\/\/www.citysurfers.sk\/wp-content\/uploads\/2023\/11\/3144_bez-nazvu-2.jpg\" class=\"attachment-large size-large wp-image-2441\" alt=\"\" srcset=\"https:\/\/www.citysurfers.sk\/wp-content\/uploads\/2023\/11\/3144_bez-nazvu-2.jpg 1024w, https:\/\/www.citysurfers.sk\/wp-content\/uploads\/2023\/11\/3144_bez-nazvu-2-300x225.jpg 300w, https:\/\/www.citysurfers.sk\/wp-content\/uploads\/2023\/11\/3144_bez-nazvu-2-768x576.jpg 768w\" sizes=\"(max-width: 960px) 100vw, 960px\" \/>\t\t\t\t\t\t\t\t\t\t\t\t\t\t\t<\/div>\n\t\t\t\t<\/div>\n\t\t\t\t<div class=\"elementor-element elementor-element-65de7f9 elementor-widget elementor-widget-text-editor\" data-id=\"65de7f9\" data-element_type=\"widget\" data-widget_type=\"text-editor.default\">\n\t\t\t\t<div class=\"elementor-widget-container\">\n\t\t\t\t\t\t\t\t\t<p>U\u017e si niekedy po\u010dul o Downwinde? Ide o vzru\u0161uj\u00faci, nov\u00fd \u0161port surfovania na vln\u00e1ch, ktor\u00e9 s\u00fa vytvoren\u00e9 vetrom. Nejde len o oby\u010dajn\u00fd paddleboarding, pre zvl\u00e1dnutie potrebuje\u0161 nielen rovnov\u00e1hu, ale aj silu a zru\u010dnos\u0165. Osvoj si z\u00e1klady zauj\u00edmavej vodnej aktivity pod doh\u013eadom in\u0161truktora a strhni poh\u013eady okolia!<\/p>\t\t\t\t\t\t\t\t<\/div>\n\t\t\t\t<\/div>\n\t\t\t\t\t<\/div>\n\t\t<\/div>\n\t\t\t\t\t<\/div>\n\t\t<\/section>\n\t\t\t\t<section class=\"elementor-section elementor-top-section elementor-element elementor-element-5170348 elementor-section-boxed elementor-section-height-default elementor-section-height-default wpr-particle-no wpr-jarallax-no wpr-parallax-no wpr-sticky-section-no\" data-id=\"5170348\" data-element_type=\"section\">\n\t\t\t\t\t\t<div class=\"elementor-container elementor-column-gap-default\">\n\t\t\t\t\t<div class=\"elementor-column elementor-col-100 elementor-top-column elementor-element elementor-element-3641efc\" data-id=\"3641efc\" data-element_type=\"column\">\n\t\t\t<div class=\"elementor-widget-wrap elementor-element-populated\">\n\t\t\t\t\t\t<div class=\"elementor-element elementor-element-30d3053 elementor-widget elementor-widget-text-editor\" data-id=\"30d3053\" data-element_type=\"widget\" data-widget_type=\"text-editor.default\">\n\t\t\t\t<div class=\"elementor-widget-container\">\n\t\t\t\t\t\t\t\t\t<p>Paddleboarding po vetre (downwinding) vyu\u017e\u00edva vietor a vlny, ktor\u00e9 sa vytv\u00e1raj\u00fa na hladine.Pre za\u010diato\u010dn\u00edkov je d\u00f4le\u017eit\u00fdm krokom zvl\u00e1dnutie flat water \u0161tartu, techniky, ktor\u00e1 umo\u017e\u0148uje vsta\u0165 na dosku uprostred vodnej plochy. Po \u00faspe\u0161nom nasko\u010den\u00ed na surf, dok\u00e1\u017ee\u0161 vyst\u00fapi\u0165 nad hladinu, kde bude\u0161 m\u00f4c\u0165 pomocou pumpovania udr\u017eiava\u0165 svoju r\u00fdchlos\u0165 a s eleganciou surfova\u0165 na vodn\u00fdch vln\u00e1ch. T\u00e1to zru\u010dnos\u0165 vy\u017eaduje nielen silu, ale aj zru\u010dnos\u0165 a rovnov\u00e1hu, \u010do rob\u00ed downwind surfovanie nesmierne p\u00fatav\u00fdm a odme\u0148uj\u00facim \u0161portom pre v\u0161etk\u00fdch nad\u0161encov downwindu.<\/p>\n<p><strong>Kurz obsahuje:<\/strong><\/p>\n<ul>\n<li>zapo\u017ei\u010danie kompletnej v\u00fdstroje<\/li>\n<li>slu\u017eby in\u0161truktora<\/li>\n<\/ul>\n<p><strong>Sez\u00f3na\/Po\u010dasie<\/strong><\/p>\n<p>Downwind prebieha od m\u00e1ja do okt\u00f3bra.<\/p>\n<p><br><\/p>\n<p><strong>Podmienky<\/strong><\/p>\n<p>Minim\u00e1lny vek 10 rokov, dobr\u00fd zdravotn\u00fd stav a potrebn\u00e9 z\u00e1kladn\u00e9 plaveck\u00e9 sk\u00fasenosti. Rezerv\u00e1ciu je vhodn\u00e9 zrealizova\u0165 minim\u00e1lne t\u00fd\u017ede\u0148 vopred. Z\u00e1\u017eitok je mo\u017en\u00e9 absolvova\u0165 kedyko\u013evek v r\u00e1mci sez\u00f3ny.<\/p>\n<p><strong>Lokalita:<\/strong> Tren\u010d\u00edn<\/p>\n<p>pre 1 osobu<\/p>\n<p>na 2-3 hodiny<\/p>\t\t\t\t\t\t\t\t<\/div>\n\t\t\t\t<\/div>\n\t\t\t\t\t<\/div>\n\t\t<\/div>\n\t\t\t\t\t<\/div>\n\t\t<\/section>\n\t\t\t\t<\/div>\n\t\t","protected":false},"excerpt":{"rendered":"<p>U\u017e si niekedy po\u010dul o Downwinde? Ide o vzru\u0161uj\u00faci, nov\u00fd \u0161port surfovania na vln\u00e1ch, ktor\u00e9 s\u00fa vytvoren\u00e9 vetrom. Nejde len o oby\u010dajn\u00fd paddleboarding, pre zvl\u00e1dnutie potrebuje\u0161 nielen rovnov\u00e1hu, ale aj silu a zru\u010dnos\u0165. Osvoj si z\u00e1klady zauj\u00edmavej vodnej aktivity pod doh\u013eadom in\u0161truktora a strhni poh\u013eady okolia! Paddleboarding po vetre (downwinding) vyu\u017e\u00edva vietor a vlny, ktor\u00e9 sa vytv\u00e1raj\u00fa na hladine.Pre za\u010diato\u010dn\u00edkov je d\u00f4le\u017eit\u00fdm krokom zvl\u00e1dnutie flat water \u0161tartu, techniky, ktor\u00e1 umo\u017e\u0148uje vsta\u0165 na dosku uprostred vodnej plochy. Po \u00faspe\u0161nom nasko\u010den\u00ed na surf, dok\u00e1\u017ee\u0161 vyst\u00fapi\u0165 nad hladinu, kde bude\u0161 m\u00f4c\u0165 pomocou pumpovania udr\u017eiava\u0165 svoju r\u00fdchlos\u0165 a s eleganciou surfova\u0165 na vodn\u00fdch vln\u00e1ch. T\u00e1to zru\u010dnos\u0165 vy\u017eaduje nielen silu, ale aj zru\u010dnos\u0165 a rovnov\u00e1hu, \u010do rob\u00ed downwind surfovanie nesmierne p\u00fatav\u00fdm a odme\u0148uj\u00facim \u0161portom pre v\u0161etk\u00fdch nad\u0161encov downwindu. Kurz obsahuje: zapo\u017ei\u010danie kompletnej v\u00fdstroje slu\u017eby in\u0161truktora Sez\u00f3na\/Po\u010dasie Downwind prebieha od m\u00e1ja do okt\u00f3bra. Podmienky Minim\u00e1lny vek 10 rokov, dobr\u00fd zdravotn\u00fd stav a potrebn\u00e9 z\u00e1kladn\u00e9 plaveck\u00e9 sk\u00fasenosti. Rezerv\u00e1ciu je vhodn\u00e9 zrealizova\u0165 minim\u00e1lne t\u00fd\u017ede\u0148 vopred. Z\u00e1\u017eitok je mo\u017en\u00e9 absolvova\u0165 kedyko\u013evek v r\u00e1mci sez\u00f3ny. Lokalita: Tren\u010d\u00edn pre 1 osobu na 2-3 hodiny<\/p>\n","protected":false},"author":1,"featured_media":0,"parent":2437,"menu_order":0,"comment_status":"closed","ping_status":"closed","template":"","meta":{"footnotes":""},"class_list":["post-2457","page","type-page","status-publish","hentry"],"_links":{"self":[{"href":"https:\/\/www.citysurfers.sk\/index.php\/wp-json\/wp\/v2\/pages\/2457","targetHints":{"allow":["GET"]}}],"collection":[{"href":"https:\/\/www.citysurfers.sk\/index.php\/wp-json\/wp\/v2\/pages"}],"about":[{"href":"https:\/\/www.citysurfers.sk\/index.php\/wp-json\/wp\/v2\/types\/page"}],"author":[{"embeddable":true,"href":"https:\/\/www.citysurfers.sk\/index.php\/wp-json\/wp\/v2\/users\/1"}],"replies":[{"embeddable":true,"href":"https:\/\/www.citysurfers.sk\/index.php\/wp-json\/wp\/v2\/comments?post=2457"}],"version-history":[{"count":7,"href":"https:\/\/www.citysurfers.sk\/index.php\/wp-json\/wp\/v2\/pages\/2457\/revisions"}],"predecessor-version":[{"id":2556,"href":"https:\/\/www.citysurfers.sk\/index.php\/wp-json\/wp\/v2\/pages\/2457\/revisions\/2556"}],"up":[{"embeddable":true,"href":"https:\/\/www.citysurfers.sk\/index.php\/wp-json\/wp\/v2\/pages\/2437"}],"wp:attachment":[{"href":"https:\/\/www.citysurfers.sk\/index.php\/wp-json\/wp\/v2\/media?parent=2457"}],"curies":[{"name":"wp","href":"https:\/\/api.w.org\/{rel}","templated":true}]}}