{"id":2463,"date":"2023-11-24T12:01:15","date_gmt":"2023-11-24T11:01:15","guid":{"rendered":"https:\/\/www.citysurfers.sk\/?page_id=2463"},"modified":"2023-11-28T08:38:02","modified_gmt":"2023-11-28T07:38:02","slug":"wakefoiling","status":"publish","type":"page","link":"https:\/\/www.citysurfers.sk\/index.php\/kurzy\/wakefoiling\/","title":{"rendered":"Wakefoiling"},"content":{"rendered":"<p class=\"attachment\"><a href='https:\/\/www.citysurfers.sk\/wp-content\/uploads\/2023\/11\/81_obrazek-whatsapp-2023-10-08-v-08-50-38-14bc53ff.jpg'><img fetchpriority=\"high\" decoding=\"async\" width=\"300\" height=\"225\" src=\"https:\/\/www.citysurfers.sk\/wp-content\/uploads\/2023\/11\/81_obrazek-whatsapp-2023-10-08-v-08-50-38-14bc53ff-300x225.jpg\" class=\"attachment-medium size-medium\" alt=\"\" srcset=\"https:\/\/www.citysurfers.sk\/wp-content\/uploads\/2023\/11\/81_obrazek-whatsapp-2023-10-08-v-08-50-38-14bc53ff-300x225.jpg 300w, https:\/\/www.citysurfers.sk\/wp-content\/uploads\/2023\/11\/81_obrazek-whatsapp-2023-10-08-v-08-50-38-14bc53ff-768x576.jpg 768w, https:\/\/www.citysurfers.sk\/wp-content\/uploads\/2023\/11\/81_obrazek-whatsapp-2023-10-08-v-08-50-38-14bc53ff.jpg 1024w\" sizes=\"(max-width: 300px) 100vw, 300px\" \/><\/a><\/p>\n\t\t<div data-elementor-type=\"wp-page\" data-elementor-id=\"2463\" class=\"elementor elementor-2463\">\n\t\t\t\t\t\t<section class=\"elementor-section elementor-top-section elementor-element elementor-element-f6da1e1 elementor-section-boxed elementor-section-height-default elementor-section-height-default wpr-particle-no wpr-jarallax-no wpr-parallax-no wpr-sticky-section-no\" data-id=\"f6da1e1\" data-element_type=\"section\">\n\t\t\t\t\t\t<div class=\"elementor-container elementor-column-gap-default\">\n\t\t\t\t\t<div class=\"elementor-column elementor-col-100 elementor-top-column elementor-element elementor-element-134dc20\" data-id=\"134dc20\" data-element_type=\"column\">\n\t\t\t<div class=\"elementor-widget-wrap elementor-element-populated\">\n\t\t\t\t\t\t<div class=\"elementor-element elementor-element-fa48ccb elementor-widget elementor-widget-image\" data-id=\"fa48ccb\" data-element_type=\"widget\" data-widget_type=\"image.default\">\n\t\t\t\t<div class=\"elementor-widget-container\">\n\t\t\t\t\t\t\t\t\t\t\t\t\t\t\t<img decoding=\"async\" width=\"960\" height=\"720\" src=\"https:\/\/www.citysurfers.sk\/wp-content\/uploads\/2023\/11\/81-1_obrazek-whatsapp-2023-10-08-v-08-50-38-f3801c4b.jpg\" class=\"attachment-large size-large wp-image-2442\" alt=\"\" srcset=\"https:\/\/www.citysurfers.sk\/wp-content\/uploads\/2023\/11\/81-1_obrazek-whatsapp-2023-10-08-v-08-50-38-f3801c4b.jpg 1024w, https:\/\/www.citysurfers.sk\/wp-content\/uploads\/2023\/11\/81-1_obrazek-whatsapp-2023-10-08-v-08-50-38-f3801c4b-300x225.jpg 300w, https:\/\/www.citysurfers.sk\/wp-content\/uploads\/2023\/11\/81-1_obrazek-whatsapp-2023-10-08-v-08-50-38-f3801c4b-768x576.jpg 768w\" sizes=\"(max-width: 960px) 100vw, 960px\" \/>\t\t\t\t\t\t\t\t\t\t\t\t\t\t\t<\/div>\n\t\t\t\t<\/div>\n\t\t\t\t<div class=\"elementor-element elementor-element-b5472e3 elementor-widget elementor-widget-text-editor\" data-id=\"b5472e3\" data-element_type=\"widget\" data-widget_type=\"text-editor.default\">\n\t\t\t\t<div class=\"elementor-widget-container\">\n\t\t\t\t\t\t\t\t\t<p>Wakefoiling SURFOVANIE na vlne za \u010dlnom<\/p>\t\t\t\t\t\t\t\t<\/div>\n\t\t\t\t<\/div>\n\t\t\t\t\t<\/div>\n\t\t<\/div>\n\t\t\t\t\t<\/div>\n\t\t<\/section>\n\t\t\t\t<section class=\"elementor-section elementor-top-section elementor-element elementor-element-e0825cb elementor-section-boxed elementor-section-height-default elementor-section-height-default wpr-particle-no wpr-jarallax-no wpr-parallax-no wpr-sticky-section-no\" data-id=\"e0825cb\" data-element_type=\"section\">\n\t\t\t\t\t\t<div class=\"elementor-container elementor-column-gap-default\">\n\t\t\t\t\t<div class=\"elementor-column elementor-col-100 elementor-top-column elementor-element elementor-element-6f688f3\" data-id=\"6f688f3\" data-element_type=\"column\">\n\t\t\t<div class=\"elementor-widget-wrap elementor-element-populated\">\n\t\t\t\t\t\t<div class=\"elementor-element elementor-element-b2f8bf5 elementor-widget elementor-widget-text-editor\" data-id=\"b2f8bf5\" data-element_type=\"widget\" data-widget_type=\"text-editor.default\">\n\t\t\t\t<div class=\"elementor-widget-container\">\n\t\t\t\t\t\t\t\t\t<p>Na to, aby ste si u\u017eili jazdu na vln\u00e1ch, u\u017e nemus\u00edte pl\u00e1nova\u0165 dovolenku v zahrani\u010d\u00ed. V TREN\u010c\u00cdNE vytv\u00e1rame vlnu za \u010dlnom, v\u010faka ktorej je jazda na vlne dostupn\u00e1 pre ka\u017ed\u00e9ho. Surfboard foil a neopr\u00e9n v\u00e1m zapo\u017ei\u010diame. Sta\u010d\u00ed len chyti\u0165 vlnu a u\u017ei\u0165 si z\u00e1\u017eitok naplno. A hlavne nestr\u00e1ca\u0165 rovnov\u00e1hu.<\/p><p>V TREN\u010c\u00cdNE<\/p><p>Maj &#8211; Okt\u00f3ber<\/p><p>2-3 hod\u00edn tr\u00e9ningu<\/p>\t\t\t\t\t\t\t\t<\/div>\n\t\t\t\t<\/div>\n\t\t\t\t<div class=\"elementor-element elementor-element-8710766 elementor-widget elementor-widget-video\" data-id=\"8710766\" data-element_type=\"widget\" data-settings=\"{&quot;video_type&quot;:&quot;hosted&quot;,&quot;controls&quot;:&quot;yes&quot;}\" data-widget_type=\"video.default\">\n\t\t\t\t<div class=\"elementor-widget-container\">\n\t\t\t\t\t\t\t<div class=\"e-hosted-video elementor-wrapper elementor-open-inline\">\n\t\t\t\t\t<video class=\"elementor-video\" src=\"https:\/\/www.citysurfers.sk\/wp-content\/uploads\/2023\/11\/VID-20231007-WA0101.mp4\" controls=\"\" preload=\"metadata\" controlsList=\"nodownload\"><\/video>\n\t\t\t\t<\/div>\n\t\t\t\t\t\t<\/div>\n\t\t\t\t<\/div>\n\t\t\t\t\t<\/div>\n\t\t<\/div>\n\t\t\t\t\t<\/div>\n\t\t<\/section>\n\t\t\t\t<section class=\"elementor-section elementor-top-section elementor-element elementor-element-3189f3d elementor-section-boxed elementor-section-height-default elementor-section-height-default wpr-particle-no wpr-jarallax-no wpr-parallax-no wpr-sticky-section-no\" data-id=\"3189f3d\" data-element_type=\"section\">\n\t\t\t\t\t\t<div class=\"elementor-container elementor-column-gap-default\">\n\t\t\t\t\t<div class=\"elementor-column elementor-col-100 elementor-top-column elementor-element elementor-element-6c6f233\" data-id=\"6c6f233\" data-element_type=\"column\">\n\t\t\t<div class=\"elementor-widget-wrap elementor-element-populated\">\n\t\t\t\t\t\t<div class=\"elementor-element elementor-element-b6602a1 wpr-grid-columns-4 wpr-grid-columns--tablet3 wpr-grid-columns--mobile1 wpr-grid-pagination-center elementor-widget elementor-widget-wpr-media-grid\" data-id=\"b6602a1\" data-element_type=\"widget\" data-widget_type=\"wpr-media-grid.default\">\n\t\t\t\t<div class=\"elementor-widget-container\">\n\t\t\t\t\t<section class=\"wpr-grid wpr-media-grid elementor-clearfix\" data-settings=\"{&quot;layout&quot;:&quot;masonry&quot;,&quot;columns_desktop&quot;:4,&quot;gutter_hr&quot;:10,&quot;gutter_hr_mobile&quot;:10,&quot;gutter_hr_mobile_extra&quot;:10,&quot;gutter_hr_tablet&quot;:10,&quot;gutter_hr_tablet_extra&quot;:10,&quot;gutter_hr_laptop&quot;:10,&quot;gutter_hr_widescreen&quot;:10,&quot;gutter_vr&quot;:10,&quot;gutter_vr_mobile&quot;:10,&quot;gutter_vr_mobile_extra&quot;:10,&quot;gutter_vr_tablet&quot;:10,&quot;gutter_vr_tablet_extra&quot;:10,&quot;gutter_vr_laptop&quot;:10,&quot;gutter_vr_widescreen&quot;:10,&quot;animation&quot;:&quot;default&quot;,&quot;animation_duration&quot;:0.299999999999999988897769753748434595763683319091796875,&quot;animation_delay&quot;:0.1000000000000000055511151231257827021181583404541015625,&quot;deeplinking&quot;:&quot;&quot;,&quot;filters_default_filter&quot;:&quot;&quot;,&quot;filters_linkable&quot;:&quot;no&quot;,&quot;filters_count&quot;:&quot;&quot;,&quot;filters_hide_empty&quot;:&quot;no&quot;,&quot;filters_animation&quot;:&quot;default&quot;,&quot;filters_animation_duration&quot;:0.299999999999999988897769753748434595763683319091796875,&quot;filters_animation_delay&quot;:0.1000000000000000055511151231257827021181583404541015625,&quot;pagination_type&quot;:&quot;load-more&quot;,&quot;pagination_max_pages&quot;:1,&quot;lightbox&quot;:{&quot;selector&quot;:&quot;.wpr-grid-image-wrap&quot;,&quot;iframeMaxWidth&quot;:&quot;60%&quot;,&quot;hash&quot;:false,&quot;autoplay&quot;:&quot;true&quot;,&quot;pause&quot;:5000,&quot;progressBar&quot;:&quot;true&quot;,&quot;counter&quot;:&quot;true&quot;,&quot;controls&quot;:&quot;true&quot;,&quot;getCaptionFromTitleOrAlt&quot;:&quot;true&quot;,&quot;thumbnail&quot;:&quot;&quot;,&quot;showThumbByDefault&quot;:&quot;&quot;,&quot;share&quot;:&quot;&quot;,&quot;zoom&quot;:&quot;true&quot;,&quot;fullScreen&quot;:&quot;true&quot;,&quot;download&quot;:&quot;true&quot;}}\"><article class=\"wpr-grid-item elementor-clearfix post-2466 attachment type-attachment status-inherit hentry\"><div class=\"wpr-grid-item-inner\"><div class=\"wpr-grid-media-wrap wpr-effect-size-small \"><div class=\"wpr-grid-image-wrap\" data-src=\"https:\/\/www.citysurfers.sk\/wp-content\/uploads\/2023\/11\/81-4_obrazek-whatsapp-2023-10-08-v-08-50-39-a792ad25.jpg\"><img decoding=\"async\" src=\"https:\/\/www.citysurfers.sk\/wp-content\/uploads\/2023\/11\/81-4_obrazek-whatsapp-2023-10-08-v-08-50-39-a792ad25.jpg\" alt=\"81-4_obrazek-whatsapp&#8211;2023-10-08-v-08-50-39-a792ad25\" class=\"wpr-anim-timing-ease-default\"><\/div><div class=\"wpr-grid-media-hover wpr-animation-wrap\"><div class=\"wpr-grid-media-hover-bg  wpr-overlay-fade-in wpr-anim-size-large wpr-anim-timing-ease-default wpr-anim-transparency\" data-url=\"https:\/\/www.citysurfers.sk\/index.php\/kurzy\/wakefoiling\/81-4_obrazek-whatsapp-2023-10-08-v-08-50-39-a792ad25\/\"><\/div><div class=\"wpr-cv-container\"><div class=\"wpr-cv-outer\"><div class=\"wpr-cv-inner\"><div class=\"wpr-grid-media-hover-middle elementor-clearfix\"><div class=\"wpr-grid-item-lightbox elementor-repeater-item-45d9d44 wpr-grid-item-display-block wpr-grid-item-align-center wpr-element-fade-in wpr-anim-size-large wpr-anim-timing-ease-default wpr-anim-transparency\"><div class=\"inner-block\"><span data-src=\"https:\/\/www.citysurfers.sk\/wp-content\/uploads\/2023\/11\/81-4_obrazek-whatsapp-2023-10-08-v-08-50-39-a792ad25.jpg\"><i class=\"fas fa-search\"><\/i><\/span><div class=\"wpr-grid-lightbox-overlay\"><\/div><\/div><\/div><h2 class=\"wpr-grid-item-title elementor-repeater-item-926500c wpr-grid-item-display-block wpr-grid-item-align-center wpr-element-fade-in wpr-anim-size-large wpr-anim-timing-ease-default wpr-anim-transparency wpr-pointer-none wpr-pointer-line-fx wpr-pointer-fx-fade\"><div class=\"inner-block\"><a  href=\"https:\/\/www.citysurfers.sk\/index.php\/kurzy\/wakefoiling\/81-4_obrazek-whatsapp-2023-10-08-v-08-50-39-a792ad25\/\">81-4_obrazek-whatsapp&#8211;2023-10-08-v-08-50-39-a792ad25<\/a><\/div><\/h2><\/div><\/div><\/div><\/div><\/div><\/div><\/div><\/article><article class=\"wpr-grid-item elementor-clearfix post-2467 attachment type-attachment status-inherit hentry\"><div class=\"wpr-grid-item-inner\"><div class=\"wpr-grid-media-wrap wpr-effect-size-small \"><div class=\"wpr-grid-image-wrap\" data-src=\"https:\/\/www.citysurfers.sk\/wp-content\/uploads\/2023\/11\/81-3_obrazek-whatsapp-2023-10-08-v-08-50-39-46b49c26.jpg\"><img decoding=\"async\" src=\"https:\/\/www.citysurfers.sk\/wp-content\/uploads\/2023\/11\/81-3_obrazek-whatsapp-2023-10-08-v-08-50-39-46b49c26.jpg\" alt=\"81-3_obrazek-whatsapp&#8211;2023-10-08-v-08-50-39-46b49c26\" class=\"wpr-anim-timing-ease-default\"><\/div><div class=\"wpr-grid-media-hover wpr-animation-wrap\"><div class=\"wpr-grid-media-hover-bg  wpr-overlay-fade-in wpr-anim-size-large wpr-anim-timing-ease-default wpr-anim-transparency\" data-url=\"https:\/\/www.citysurfers.sk\/index.php\/kurzy\/wakefoiling\/81-3_obrazek-whatsapp-2023-10-08-v-08-50-39-46b49c26\/\"><\/div><div class=\"wpr-cv-container\"><div class=\"wpr-cv-outer\"><div class=\"wpr-cv-inner\"><div class=\"wpr-grid-media-hover-middle elementor-clearfix\"><div class=\"wpr-grid-item-lightbox elementor-repeater-item-45d9d44 wpr-grid-item-display-block wpr-grid-item-align-center wpr-element-fade-in wpr-anim-size-large wpr-anim-timing-ease-default wpr-anim-transparency\"><div class=\"inner-block\"><span data-src=\"https:\/\/www.citysurfers.sk\/wp-content\/uploads\/2023\/11\/81-3_obrazek-whatsapp-2023-10-08-v-08-50-39-46b49c26.jpg\"><i class=\"fas fa-search\"><\/i><\/span><div class=\"wpr-grid-lightbox-overlay\"><\/div><\/div><\/div><h2 class=\"wpr-grid-item-title elementor-repeater-item-926500c wpr-grid-item-display-block wpr-grid-item-align-center wpr-element-fade-in wpr-anim-size-large wpr-anim-timing-ease-default wpr-anim-transparency wpr-pointer-none wpr-pointer-line-fx wpr-pointer-fx-fade\"><div class=\"inner-block\"><a  href=\"https:\/\/www.citysurfers.sk\/index.php\/kurzy\/wakefoiling\/81-3_obrazek-whatsapp-2023-10-08-v-08-50-39-46b49c26\/\">81-3_obrazek-whatsapp&#8211;2023-10-08-v-08-50-39-46b49c26<\/a><\/div><\/h2><\/div><\/div><\/div><\/div><\/div><\/div><\/div><\/article><article class=\"wpr-grid-item elementor-clearfix post-2468 attachment type-attachment status-inherit hentry\"><div class=\"wpr-grid-item-inner\"><div class=\"wpr-grid-media-wrap wpr-effect-size-small \"><div class=\"wpr-grid-image-wrap\" data-src=\"https:\/\/www.citysurfers.sk\/wp-content\/uploads\/2023\/11\/81-2_obrazek-whatsapp-2023-10-08-v-08-50-39-2e861fec.jpg\"><img decoding=\"async\" src=\"https:\/\/www.citysurfers.sk\/wp-content\/uploads\/2023\/11\/81-2_obrazek-whatsapp-2023-10-08-v-08-50-39-2e861fec.jpg\" alt=\"81-2_obrazek-whatsapp&#8211;2023-10-08-v-08-50-39-2e861fec\" class=\"wpr-anim-timing-ease-default\"><\/div><div class=\"wpr-grid-media-hover wpr-animation-wrap\"><div class=\"wpr-grid-media-hover-bg  wpr-overlay-fade-in wpr-anim-size-large wpr-anim-timing-ease-default wpr-anim-transparency\" data-url=\"https:\/\/www.citysurfers.sk\/index.php\/kurzy\/wakefoiling\/81-2_obrazek-whatsapp-2023-10-08-v-08-50-39-2e861fec\/\"><\/div><div class=\"wpr-cv-container\"><div class=\"wpr-cv-outer\"><div class=\"wpr-cv-inner\"><div class=\"wpr-grid-media-hover-middle elementor-clearfix\"><div class=\"wpr-grid-item-lightbox elementor-repeater-item-45d9d44 wpr-grid-item-display-block wpr-grid-item-align-center wpr-element-fade-in wpr-anim-size-large wpr-anim-timing-ease-default wpr-anim-transparency\"><div class=\"inner-block\"><span data-src=\"https:\/\/www.citysurfers.sk\/wp-content\/uploads\/2023\/11\/81-2_obrazek-whatsapp-2023-10-08-v-08-50-39-2e861fec.jpg\"><i class=\"fas fa-search\"><\/i><\/span><div class=\"wpr-grid-lightbox-overlay\"><\/div><\/div><\/div><h2 class=\"wpr-grid-item-title elementor-repeater-item-926500c wpr-grid-item-display-block wpr-grid-item-align-center wpr-element-fade-in wpr-anim-size-large wpr-anim-timing-ease-default wpr-anim-transparency wpr-pointer-none wpr-pointer-line-fx wpr-pointer-fx-fade\"><div class=\"inner-block\"><a  href=\"https:\/\/www.citysurfers.sk\/index.php\/kurzy\/wakefoiling\/81-2_obrazek-whatsapp-2023-10-08-v-08-50-39-2e861fec\/\">81-2_obrazek-whatsapp&#8211;2023-10-08-v-08-50-39-2e861fec<\/a><\/div><\/h2><\/div><\/div><\/div><\/div><\/div><\/div><\/div><\/article><article class=\"wpr-grid-item elementor-clearfix post-2469 attachment type-attachment status-inherit hentry\"><div class=\"wpr-grid-item-inner\"><div class=\"wpr-grid-media-wrap wpr-effect-size-small \"><div class=\"wpr-grid-image-wrap\" data-src=\"https:\/\/www.citysurfers.sk\/wp-content\/uploads\/2023\/11\/81_obrazek-whatsapp-2023-10-08-v-08-50-38-14bc53ff.jpg\"><img decoding=\"async\" src=\"https:\/\/www.citysurfers.sk\/wp-content\/uploads\/2023\/11\/81_obrazek-whatsapp-2023-10-08-v-08-50-38-14bc53ff.jpg\" alt=\"81_obrazek-whatsapp&#8211;2023-10-08-v-08-50-38-14bc53ff\" class=\"wpr-anim-timing-ease-default\"><\/div><div class=\"wpr-grid-media-hover wpr-animation-wrap\"><div class=\"wpr-grid-media-hover-bg  wpr-overlay-fade-in wpr-anim-size-large wpr-anim-timing-ease-default wpr-anim-transparency\" data-url=\"https:\/\/www.citysurfers.sk\/index.php\/kurzy\/wakefoiling\/81_obrazek-whatsapp-2023-10-08-v-08-50-38-14bc53ff\/\"><\/div><div class=\"wpr-cv-container\"><div class=\"wpr-cv-outer\"><div class=\"wpr-cv-inner\"><div class=\"wpr-grid-media-hover-middle elementor-clearfix\"><div class=\"wpr-grid-item-lightbox elementor-repeater-item-45d9d44 wpr-grid-item-display-block wpr-grid-item-align-center wpr-element-fade-in wpr-anim-size-large wpr-anim-timing-ease-default wpr-anim-transparency\"><div class=\"inner-block\"><span data-src=\"https:\/\/www.citysurfers.sk\/wp-content\/uploads\/2023\/11\/81_obrazek-whatsapp-2023-10-08-v-08-50-38-14bc53ff.jpg\"><i class=\"fas fa-search\"><\/i><\/span><div class=\"wpr-grid-lightbox-overlay\"><\/div><\/div><\/div><h2 class=\"wpr-grid-item-title elementor-repeater-item-926500c wpr-grid-item-display-block wpr-grid-item-align-center wpr-element-fade-in wpr-anim-size-large wpr-anim-timing-ease-default wpr-anim-transparency wpr-pointer-none wpr-pointer-line-fx wpr-pointer-fx-fade\"><div class=\"inner-block\"><a  href=\"https:\/\/www.citysurfers.sk\/index.php\/kurzy\/wakefoiling\/81_obrazek-whatsapp-2023-10-08-v-08-50-38-14bc53ff\/\">81_obrazek-whatsapp&#8211;2023-10-08-v-08-50-38-14bc53ff<\/a><\/div><\/h2><\/div><\/div><\/div><\/div><\/div><\/div><\/div><\/article><\/section>\t\t\t\t<\/div>\n\t\t\t\t<\/div>\n\t\t\t\t\t<\/div>\n\t\t<\/div>\n\t\t\t\t\t<\/div>\n\t\t<\/section>\n\t\t\t\t<\/div>\n\t\t","protected":false},"excerpt":{"rendered":"<p>Wakefoiling SURFOVANIE na vlne za \u010dlnom Na to, aby ste si u\u017eili jazdu na vln\u00e1ch, u\u017e nemus\u00edte pl\u00e1nova\u0165 dovolenku v zahrani\u010d\u00ed. V TREN\u010c\u00cdNE vytv\u00e1rame vlnu za \u010dlnom, v\u010faka ktorej je jazda na vlne dostupn\u00e1 pre ka\u017ed\u00e9ho. Surfboard foil a neopr\u00e9n v\u00e1m zapo\u017ei\u010diame. Sta\u010d\u00ed len chyti\u0165 vlnu a u\u017ei\u0165 si z\u00e1\u017eitok naplno. A hlavne nestr\u00e1ca\u0165 rovnov\u00e1hu. V TREN\u010c\u00cdNE Maj &#8211; Okt\u00f3ber 2-3 hod\u00edn tr\u00e9ningu https:\/\/www.citysurfers.sk\/wp-content\/uploads\/2023\/11\/VID-20231007-WA0101.mp4 81-4_obrazek-whatsapp&#8211;2023-10-08-v-08-50-39-a792ad25 81-3_obrazek-whatsapp&#8211;2023-10-08-v-08-50-39-46b49c26 81-2_obrazek-whatsapp&#8211;2023-10-08-v-08-50-39-2e861fec 81_obrazek-whatsapp&#8211;2023-10-08-v-08-50-38-14bc53ff<\/p>\n","protected":false},"author":1,"featured_media":0,"parent":2437,"menu_order":0,"comment_status":"closed","ping_status":"closed","template":"","meta":{"footnotes":""},"class_list":["post-2463","page","type-page","status-publish","hentry"],"_links":{"self":[{"href":"https:\/\/www.citysurfers.sk\/index.php\/wp-json\/wp\/v2\/pages\/2463","targetHints":{"allow":["GET"]}}],"collection":[{"href":"https:\/\/www.citysurfers.sk\/index.php\/wp-json\/wp\/v2\/pages"}],"about":[{"href":"https:\/\/www.citysurfers.sk\/index.php\/wp-json\/wp\/v2\/types\/page"}],"author":[{"embeddable":true,"href":"https:\/\/www.citysurfers.sk\/index.php\/wp-json\/wp\/v2\/users\/1"}],"replies":[{"embeddable":true,"href":"https:\/\/www.citysurfers.sk\/index.php\/wp-json\/wp\/v2\/comments?post=2463"}],"version-history":[{"count":7,"href":"https:\/\/www.citysurfers.sk\/index.php\/wp-json\/wp\/v2\/pages\/2463\/revisions"}],"predecessor-version":[{"id":2549,"href":"https:\/\/www.citysurfers.sk\/index.php\/wp-json\/wp\/v2\/pages\/2463\/revisions\/2549"}],"up":[{"embeddable":true,"href":"https:\/\/www.citysurfers.sk\/index.php\/wp-json\/wp\/v2\/pages\/2437"}],"wp:attachment":[{"href":"https:\/\/www.citysurfers.sk\/index.php\/wp-json\/wp\/v2\/media?parent=2463"}],"curies":[{"name":"wp","href":"https:\/\/api.w.org\/{rel}","templated":true}]}}